{"id":3136211,"date":"2025-10-10T05:15:03","date_gmt":"2025-10-10T03:15:03","guid":{"rendered":"https:\/\/eu.tilta.com\/shop\/soporte-para-monitor-tilta-extended-pro-otan-negro\/"},"modified":"2025-12-05T14:35:56","modified_gmt":"2025-12-05T13:35:56","slug":"tilta-extended-pro-monitor-mount-nato-black","status":"publish","type":"product","link":"https:\/\/eu.tilta.com\/es\/shop\/tilta-extended-pro-monitor-mount-nato-black\/","title":{"rendered":"Soporte para monitor Tilta Extended Pro (OTAN) &#8211; Negro"},"content":{"rendered":"<p><em>Presentamos el soporte para monitor Tilta Extended Pro  <\/em><\/p>\n<p>Este soporte para monitor presenta un exclusivo dise\u00f1o ampliado para admitir m\u00faltiples configuraciones para monitores y otros accesorios.<\/p>\n<p>El dise\u00f1o giratorio de doble bisagra permite que este soporte suba y baje f\u00e1cilmente la altura del monitor, lo que resulta ideal cuando se pasa r\u00e1pidamente de una toma a otra a distintas alturas, para que el operador pueda mantener una visi\u00f3n clara del monitor.<\/p>\n<p>Una pr\u00e1ctica rosca de 1\/4\u2033-20 con puntos de fijaci\u00f3n permite a los usuarios acoplar un accesorio adicional al propio soporte, como un transmisor de v\u00eddeo inal\u00e1mbrico o un peque\u00f1o brazo articulado.<\/p>\n<p>Esta montura incorpora tornillos manuales para apretar y ajustar la tensi\u00f3n de cada punto de articulaci\u00f3n, lo que facilita y agiliza el ajuste de la posici\u00f3n sin necesidad de una multiherramienta.<\/p>\n<p>El soporte de la parte superior es un tornillo est\u00e1ndar de 1\/4\u2033-20 con dos clavijas de fijaci\u00f3n retr\u00e1ctiles que admiten tanto la separaci\u00f3n est\u00e1ndar de las clavijas de fijaci\u00f3n como SmallHD.<\/p>\n<p><img loading=\"lazy\" decoding=\"async\" class=\"wp-image-3047750 alignleft\" src=\"https:\/\/static.tilta.com\/wp-content\/uploads\/2025\/10\/10045327\/Screen-Shot-2025-10-09-at-10.43.55-AM-e1760034428758-300x226-1.jpg\" alt=\"\" width=\"202\" height=\"152\" srcset=\"https:\/\/static.tilta.com\/wp-content\/uploads\/2025\/10\/10045327\/Screen-Shot-2025-10-09-at-10.43.55-AM-e1760034428758-300x226-1.jpg 300w, https:\/\/static.tilta.com\/wp-content\/uploads\/2025\/10\/10045327\/Screen-Shot-2025-10-09-at-10.43.55-AM-e1760034428758-300x226-1-64x48.jpg 64w\" sizes=\"(max-width: 202px) 100vw, 202px\" \/>Este dise\u00f1o se desarroll\u00f3 en colaboraci\u00f3n con <strong>Mat\u00edas Mayolo<\/strong>, que es un cineasta y ayudante de c\u00e1mara argentino apasionado por la tecnolog\u00eda y el dise\u00f1o funcional.<\/p>\n<p>Puedes encontrar m\u00e1s informaci\u00f3n sobre Matias en Instagram @matias_mayolo<\/p>\n","protected":false},"excerpt":{"rendered":"<p>Presentamos el soporte para monitor Tilta Extended Pro Este soporte para monitor presenta un exclusivo dise\u00f1o ampliado para admitir m\u00faltiples configuraciones para monitores y otros accesorios. El dise\u00f1o giratorio de doble bisagra permite que este soporte suba y baje f\u00e1cilmente [&hellip;]<\/p>\n","protected":false},"featured_media":3047791,"comment_status":"open","ping_status":"closed","template":"","meta":[],"product_cat":[2904],"product_tag":[],"acf":[],"gallery_images":[3047797,3047803,3047809,3047817,3047823,3047829],"_links":{"self":[{"href":"https:\/\/eu.tilta.com\/es\/wp-json\/wp\/v2\/product\/3136211"}],"collection":[{"href":"https:\/\/eu.tilta.com\/es\/wp-json\/wp\/v2\/product"}],"about":[{"href":"https:\/\/eu.tilta.com\/es\/wp-json\/wp\/v2\/types\/product"}],"replies":[{"embeddable":true,"href":"https:\/\/eu.tilta.com\/es\/wp-json\/wp\/v2\/comments?post=3136211"}],"wp:featuredmedia":[{"embeddable":true,"href":"https:\/\/eu.tilta.com\/es\/wp-json\/wp\/v2\/media\/3047791"}],"wp:attachment":[{"href":"https:\/\/eu.tilta.com\/es\/wp-json\/wp\/v2\/media?parent=3136211"}],"wp:term":[{"taxonomy":"product_cat","embeddable":true,"href":"https:\/\/eu.tilta.com\/es\/wp-json\/wp\/v2\/product_cat?post=3136211"},{"taxonomy":"product_tag","embeddable":true,"href":"https:\/\/eu.tilta.com\/es\/wp-json\/wp\/v2\/product_tag?post=3136211"}],"curies":[{"name":"wp","href":"https:\/\/api.w.org\/{rel}","templated":true}]}}