{"id":3136250,"date":"2025-09-22T15:53:04","date_gmt":"2025-09-22T13:53:04","guid":{"rendered":"https:\/\/eu.tilta.com\/shop\/kit-de-mano-khronos-lite-iphone-17-pro-pro-max\/"},"modified":"2026-04-15T04:00:45","modified_gmt":"2026-04-15T02:00:45","slug":"khronos-lite-iphone-17-pro-pro-max-handheld-kit","status":"publish","type":"product","link":"https:\/\/eu.tilta.com\/es\/shop\/khronos-lite-iphone-17-pro-pro-max-handheld-kit\/","title":{"rendered":"Kit de mano Khronos Lite iPhone 17 Pro\/Pro Max"},"content":{"rendered":"<p>Presentamos el Kit de Mano Khronos Lite iPhone 17 Pro\/Pro Max<\/p>\n<p>El rendimiento profesional es ahora m\u00e1s ligero que nunca.<\/p>\n<p>La funda tiene un pie de apoyo incorporado que admite orientaciones horizontal y vertical, perfecto para videollamadas manos libres, streaming o sesiones de estudio.<\/p>\n<p>La placa trasera magn\u00e9tica permite a los usuarios acoplar accesorios magn\u00e9ticos adicionales, como tarjeteros, luces LED, SSD, Power Banks o ventiladores de refrigeraci\u00f3n.<\/p>\n<p>Este kit incluye una nueva empu\u00f1adura ligera que est\u00e1 dise\u00f1ada para montarse de forma nativa directamente en nuestra Funda Khronos Lite para iPhone 17 a trav\u00e9s de los puntos de montaje de la pata de cabra.<\/p>\n<p>Esto mantiene libre el puerto USB-C del smartphone, ya que puede comunicarse directamente a trav\u00e9s de Bluetooth.<\/p>\n<p>Esto permite a los usuarios controlar funciones como el Enfoque, el Zoom, el Obturador y la Grabaci\u00f3n a trav\u00e9s de una empu\u00f1adura externa.<\/p>\n<p>Con la bandeja para filtros de 58 mm incluida, el usuario puede utilizar filtros Tilta o de cualquier otro fabricante de 58 mm para conseguir un control creativo o de la exposici\u00f3n.<\/p>\n","protected":false},"excerpt":{"rendered":"<p>Presentamos el Kit de Mano Khronos Lite iPhone 17 Pro\/Pro Max El rendimiento profesional es ahora m\u00e1s ligero que nunca. La funda tiene un pie de apoyo incorporado que admite orientaciones horizontal y vertical, perfecto para videollamadas manos libres, streaming [&hellip;]<\/p>\n","protected":false},"featured_media":2915351,"comment_status":"open","ping_status":"closed","template":"","meta":[],"product_cat":[4496,865],"product_tag":[],"acf":[],"gallery_images":[2915353,2915359,2915366],"_links":{"self":[{"href":"https:\/\/eu.tilta.com\/es\/wp-json\/wp\/v2\/product\/3136250"}],"collection":[{"href":"https:\/\/eu.tilta.com\/es\/wp-json\/wp\/v2\/product"}],"about":[{"href":"https:\/\/eu.tilta.com\/es\/wp-json\/wp\/v2\/types\/product"}],"replies":[{"embeddable":true,"href":"https:\/\/eu.tilta.com\/es\/wp-json\/wp\/v2\/comments?post=3136250"}],"wp:featuredmedia":[{"embeddable":true,"href":"https:\/\/eu.tilta.com\/es\/wp-json\/wp\/v2\/media\/2915351"}],"wp:attachment":[{"href":"https:\/\/eu.tilta.com\/es\/wp-json\/wp\/v2\/media?parent=3136250"}],"wp:term":[{"taxonomy":"product_cat","embeddable":true,"href":"https:\/\/eu.tilta.com\/es\/wp-json\/wp\/v2\/product_cat?post=3136250"},{"taxonomy":"product_tag","embeddable":true,"href":"https:\/\/eu.tilta.com\/es\/wp-json\/wp\/v2\/product_tag?post=3136250"}],"curies":[{"name":"wp","href":"https:\/\/api.w.org\/{rel}","templated":true}]}}