{"id":3136271,"date":"2025-10-03T09:44:35","date_gmt":"2025-10-03T07:44:35","guid":{"rendered":"https:\/\/eu.tilta.com\/shop\/kit-de-montaje-de-cabeza-fluida-y-steadicam-para-carro-de-camara-boulder-negro\/"},"modified":"2026-04-15T04:00:36","modified_gmt":"2026-04-15T02:00:36","slug":"fluid-head-and-steadicam-mounting-kit-for-boulder-camera-cart-black","status":"publish","type":"product","link":"https:\/\/eu.tilta.com\/es\/shop\/fluid-head-and-steadicam-mounting-kit-for-boulder-camera-cart-black\/","title":{"rendered":"Kit de montaje de cabeza fluida y Steadicam para carro de c\u00e1mara Boulder &#8211; Negro"},"content":{"rendered":"<div class=\"overview-text\">\n<p><em>Presentamos el Kit de Montaje de Cabeza Fluida y Steadicam para el Carro de C\u00e1mara Boulder<\/em><\/p>\n<p>Este accesorio se monta a ambos lados del carro de la c\u00e1mara mediante dos abrazaderas de montaje.<\/p>\n<p>Una vez instaladas estas abrazaderas, los usuarios pueden abrirlas y bloquearlas con un tornillo basculante grande, lo que permite montar la base de la steadicam sin necesidad de herramientas.<\/p>\n<p>La base funciona de forma similar a un soporte de luz con un pasador para beb\u00e9s en la parte superior.<\/p>\n<p>La posici\u00f3n sobre el carro lo hace ideal para equilibrar steadicams y otros sistemas de soporte similares, ya que proporciona espacio m\u00e1s que suficiente para equilibrar y girar el aparejo seg\u00fan sea necesario.<\/p>\n<p>La altura ajustable de este adaptador permite acomodar equipos de distintos tama\u00f1os, al tiempo que resulta \u00fatil para otros accesorios, como peque\u00f1as luces LED o incluso monitores con el soporte adecuado.<\/p>\n<p>Otro accesorio incluido en este kit es una r\u00f3tula esf\u00e9rica de cabeza fluida de 75\/100 mm, que utiliza una conexi\u00f3n basada en abrazadera en la base Steadicam para carro de c\u00e1mara Boulder.<\/p>\n<p>Esto permite a los usuarios montar su R\u00f3tula de 75 mm o 100 mm mediante un adaptador de rosca extra\u00edble de 75 mm.<\/p>\n<p>La altura de este accesorio se puede ajustar y puede girar, lo que facilita el acceso al amarre de la parte inferior de la cabeza de tu tr\u00edpode.<\/p>\n<\/div>\n","protected":false},"excerpt":{"rendered":"<p>Presentamos el Kit de Montaje de Cabeza Fluida y Steadicam para el Carro de C\u00e1mara Boulder Este accesorio se monta a ambos lados del carro de la c\u00e1mara mediante dos abrazaderas de montaje. Una vez instaladas estas abrazaderas, los usuarios [&hellip;]<\/p>\n","protected":false},"featured_media":3006451,"comment_status":"open","ping_status":"closed","template":"","meta":[],"product_cat":[4225],"product_tag":[],"acf":[],"gallery_images":[3006457],"_links":{"self":[{"href":"https:\/\/eu.tilta.com\/es\/wp-json\/wp\/v2\/product\/3136271"}],"collection":[{"href":"https:\/\/eu.tilta.com\/es\/wp-json\/wp\/v2\/product"}],"about":[{"href":"https:\/\/eu.tilta.com\/es\/wp-json\/wp\/v2\/types\/product"}],"replies":[{"embeddable":true,"href":"https:\/\/eu.tilta.com\/es\/wp-json\/wp\/v2\/comments?post=3136271"}],"wp:featuredmedia":[{"embeddable":true,"href":"https:\/\/eu.tilta.com\/es\/wp-json\/wp\/v2\/media\/3006451"}],"wp:attachment":[{"href":"https:\/\/eu.tilta.com\/es\/wp-json\/wp\/v2\/media?parent=3136271"}],"wp:term":[{"taxonomy":"product_cat","embeddable":true,"href":"https:\/\/eu.tilta.com\/es\/wp-json\/wp\/v2\/product_cat?post=3136271"},{"taxonomy":"product_tag","embeddable":true,"href":"https:\/\/eu.tilta.com\/es\/wp-json\/wp\/v2\/product_tag?post=3136271"}],"curies":[{"name":"wp","href":"https:\/\/api.w.org\/{rel}","templated":true}]}}