{"id":3136272,"date":"2025-09-28T09:12:38","date_gmt":"2025-09-28T07:12:38","guid":{"rendered":"https:\/\/eu.tilta.com\/shop\/bateria-tilta-np-f550-3500mah-verde\/"},"modified":"2026-04-15T04:00:36","modified_gmt":"2026-04-15T02:00:36","slug":"tilta-np-f550-battery-3500mah-green","status":"publish","type":"product","link":"https:\/\/eu.tilta.com\/es\/shop\/tilta-np-f550-battery-3500mah-green\/","title":{"rendered":"Bater\u00eda Tilta NP-F550 (3500mAh) &#8211; Verde"},"content":{"rendered":"<div class=\"overview-text\">\n<p data-start=\"200\" data-end=\"530\">La Bater\u00eda Tilta NP-F550 (3500mAh) &#8211; Verde es una bater\u00eda compacta de alto rendimiento dise\u00f1ada para suministrar energ\u00eda fiable y constante a una amplia gama de equipos de filmaci\u00f3n. Perfectamente compatible con los dispositivos que requieren bater\u00edas de la serie NP-F, esta unidad garantiza que tu equipo funcione sin problemas durante los rodajes largos sin interrupciones.<\/p>\n<p data-start=\"532\" data-end=\"895\">Con una c\u00e9lula de bater\u00eda de alta densidad energ\u00e9tica, la NP-F550 proporciona una mayor resistencia en un tama\u00f1o reducido, lo que la convierte en una opci\u00f3n excelente tanto para fotograf\u00eda como para videograf\u00eda. Su construcci\u00f3n duradera, junto con el caracter\u00edstico acabado verde de Tilta, combina el rendimiento con el estilo, garantizando que destaque como una soluci\u00f3n energ\u00e9tica fiable y visualmente distintiva.<\/p>\n<p data-start=\"897\" data-end=\"1250\">Esta bater\u00eda cumple m\u00faltiples certificaciones internacionales de seguridad (CCC, FCC, CE, PSE, KC, UL, BSMI), lo que te da total tranquilidad durante su uso. Est\u00e1 fabricado con materiales de la norma de seguridad contra incendios V-0 y avanzadas funciones de protecci\u00f3n electr\u00f3nica, como sobrecarga\/descarga, cortocircuito, sobrecorriente y protecci\u00f3n contra campos magn\u00e9ticos.<\/p>\n<p data-start=\"1252\" data-end=\"1483\">Dise\u00f1ada para ofrecer fiabilidad profesional, la NP-F550 est\u00e1 concebida para funcionar en un amplio rango de temperaturas de -20 \u00b0C a 60 \u00b0C, lo que garantiza un rendimiento constante tanto si disparas en entornos fr\u00edos como bajo un calor intenso.<\/p>\n<p data-start=\"1485\" data-end=\"1652\">Totalmente compatible con la unidad manual Nucleus M II FIZ y con una gran variedad de accesorios alimentados por NP-F, esta bater\u00eda es un complemento esencial en el kit de herramientas de cualquier cineasta.<\/p>\n<\/div>\n","protected":false},"excerpt":{"rendered":"<p>La Bater\u00eda Tilta NP-F550 (3500mAh) &#8211; Verde es una bater\u00eda compacta de alto rendimiento dise\u00f1ada para suministrar energ\u00eda fiable y constante a una amplia gama de equipos de filmaci\u00f3n. Perfectamente compatible con los dispositivos que requieren bater\u00edas de la serie [&hellip;]<\/p>\n","protected":false},"featured_media":2962762,"comment_status":"open","ping_status":"closed","template":"","meta":[],"product_cat":[3836],"product_tag":[],"acf":[],"gallery_images":[2962770,2962777],"_links":{"self":[{"href":"https:\/\/eu.tilta.com\/es\/wp-json\/wp\/v2\/product\/3136272"}],"collection":[{"href":"https:\/\/eu.tilta.com\/es\/wp-json\/wp\/v2\/product"}],"about":[{"href":"https:\/\/eu.tilta.com\/es\/wp-json\/wp\/v2\/types\/product"}],"replies":[{"embeddable":true,"href":"https:\/\/eu.tilta.com\/es\/wp-json\/wp\/v2\/comments?post=3136272"}],"wp:featuredmedia":[{"embeddable":true,"href":"https:\/\/eu.tilta.com\/es\/wp-json\/wp\/v2\/media\/2962762"}],"wp:attachment":[{"href":"https:\/\/eu.tilta.com\/es\/wp-json\/wp\/v2\/media?parent=3136272"}],"wp:term":[{"taxonomy":"product_cat","embeddable":true,"href":"https:\/\/eu.tilta.com\/es\/wp-json\/wp\/v2\/product_cat?post=3136272"},{"taxonomy":"product_tag","embeddable":true,"href":"https:\/\/eu.tilta.com\/es\/wp-json\/wp\/v2\/product_tag?post=3136272"}],"curies":[{"name":"wp","href":"https:\/\/api.w.org\/{rel}","templated":true}]}}