{"id":3136273,"date":"2025-09-19T04:37:36","date_gmt":"2025-09-19T02:37:36","guid":{"rendered":"https:\/\/eu.tilta.com\/shop\/bolsa-cruzada-fe\/"},"modified":"2026-04-15T04:00:45","modified_gmt":"2026-04-15T02:00:45","slug":"fe-crossbody-bag","status":"publish","type":"product","link":"https:\/\/eu.tilta.com\/es\/shop\/fe-crossbody-bag\/","title":{"rendered":"Bolsa cruzada Fe"},"content":{"rendered":"<div class=\"overview-text\">\n<p><em>Presentamos el bolso cruzado Fe<\/em><\/p>\n<p>Esta peque\u00f1a bolsa bandolera tiene un gancho para la correa trasera que utiliza un anillo en D Duraflex, unido a un mosquet\u00f3n en forma de S de aleaci\u00f3n de aluminio con una capacidad de carga m\u00e1xima de 65 kg (143,3 lb).<\/p>\n<p>Esto hace que sea f\u00e1cil enganchar la bolsa directamente a la ropa para darle estilo o para llevar otro equipo.<\/p>\n<p>Este tejido, fabricado por Challenge Sailcloth, est\u00e1 hecho de fibras y pel\u00edcula de poli\u00e9ster 100% recicladas. Es duradero, impermeable, resistente al desgarro y totalmente ecol\u00f3gico.<\/p>\n<p>Cada dise\u00f1o combina la durabilidad con una est\u00e9tica moderna, permiti\u00e9ndote elegir el look perfecto para tu equipo y tu estilo personal.<\/p>\n<p>Este accesorio es una opci\u00f3n perfecta para transportar peque\u00f1as c\u00e1maras de acci\u00f3n como la DJI Osmo Pocket 3, as\u00ed como algunos accesorios.<\/p>\n<\/div>\n","protected":false},"excerpt":{"rendered":"<p>Presentamos el bolso cruzado Fe Esta peque\u00f1a bolsa bandolera tiene un gancho para la correa trasera que utiliza un anillo en D Duraflex, unido a un mosquet\u00f3n en forma de S de aleaci\u00f3n de aluminio con una capacidad de carga [&hellip;]<\/p>\n","protected":false},"featured_media":2884486,"comment_status":"open","ping_status":"closed","template":"","meta":[],"product_cat":[4493,2966],"product_tag":[],"acf":[],"gallery_images":[2884516,2884543,2884607,2884639,2884576],"_links":{"self":[{"href":"https:\/\/eu.tilta.com\/es\/wp-json\/wp\/v2\/product\/3136273"}],"collection":[{"href":"https:\/\/eu.tilta.com\/es\/wp-json\/wp\/v2\/product"}],"about":[{"href":"https:\/\/eu.tilta.com\/es\/wp-json\/wp\/v2\/types\/product"}],"replies":[{"embeddable":true,"href":"https:\/\/eu.tilta.com\/es\/wp-json\/wp\/v2\/comments?post=3136273"}],"wp:featuredmedia":[{"embeddable":true,"href":"https:\/\/eu.tilta.com\/es\/wp-json\/wp\/v2\/media\/2884486"}],"wp:attachment":[{"href":"https:\/\/eu.tilta.com\/es\/wp-json\/wp\/v2\/media?parent=3136273"}],"wp:term":[{"taxonomy":"product_cat","embeddable":true,"href":"https:\/\/eu.tilta.com\/es\/wp-json\/wp\/v2\/product_cat?post=3136273"},{"taxonomy":"product_tag","embeddable":true,"href":"https:\/\/eu.tilta.com\/es\/wp-json\/wp\/v2\/product_tag?post=3136273"}],"curies":[{"name":"wp","href":"https:\/\/api.w.org\/{rel}","templated":true}]}}