{"id":3136296,"date":"2025-09-22T14:12:06","date_gmt":"2025-09-22T12:12:06","guid":{"rendered":"https:\/\/eu.tilta.com\/shop\/placa-posterior-magnetica-multifuncional-khronos-para-iphone-17-pro-pro-max\/"},"modified":"2026-04-15T04:01:08","modified_gmt":"2026-04-15T02:01:08","slug":"khronos-multi-functional-magnetic-backplate-for-iphone-17-pro-pro-max","status":"publish","type":"product","link":"https:\/\/eu.tilta.com\/es\/shop\/khronos-multi-functional-magnetic-backplate-for-iphone-17-pro-pro-max\/","title":{"rendered":"Placa posterior magn\u00e9tica multifuncional Khronos para iPhone 17 Pro\/Pro Max"},"content":{"rendered":"<div class=\"overview-text\">\n<p class=\"p1\"><i>Presentamos la placa trasera magn\u00e9tica multifuncional Khronos para iPhone 17 Pro\/Pro Max<\/i><\/p>\n<p class=\"p1\">Esta placa trasera se conecta a cualquier iPhone compatible con accesorios magn\u00e9ticos, incluido el iPhone 15 , 16 y 17 Pro\/Pro Max, para ampliar su funcionalidad al filmar y utilizarlo a diario.<\/p>\n<p class=\"p1\">El soporte ajustable ofrece una forma c\u00f3moda de apoyar el smartphone sobre una superficie plana, tanto en configuraci\u00f3n horizontal como vertical.<\/p>\n<p class=\"p1\">El Anillo Magn\u00e9tico puede utilizarse con otros accesorios magn\u00e9ticos y puede articularse para soportar una serie de configuraciones \u00fanicas.<\/p>\n<p class=\"p1\">Una peque\u00f1a navaja multiusos puede deslizarse hacia fuera para abrir cajas o quitar envoltorios de pl\u00e1stico. En la esquina de la placa tambi\u00e9n hay una herramienta de cabeza plana y la propia placa tiene marcas de regla para facilitar las mediciones.<\/p>\n<p class=\"p1\">Cuando se utiliza la Funda Khronos, esta Placa Trasera puede bloquearse a\u00fan m\u00e1s en su sitio, lo que crea una conexi\u00f3n a\u00fan m\u00e1s fuerte.<\/p>\n<\/div>\n","protected":false},"excerpt":{"rendered":"<p>Presentamos la placa trasera magn\u00e9tica multifuncional Khronos para iPhone 17 Pro\/Pro Max Esta placa trasera se conecta a cualquier iPhone compatible con accesorios magn\u00e9ticos, incluido el iPhone 15 , 16 y 17 Pro\/Pro Max, para ampliar su funcionalidad al filmar [&hellip;]<\/p>\n","protected":false},"featured_media":2913491,"comment_status":"open","ping_status":"closed","template":"","meta":[],"product_cat":[4207,4496],"product_tag":[],"acf":[],"gallery_images":[2913483],"_links":{"self":[{"href":"https:\/\/eu.tilta.com\/es\/wp-json\/wp\/v2\/product\/3136296"}],"collection":[{"href":"https:\/\/eu.tilta.com\/es\/wp-json\/wp\/v2\/product"}],"about":[{"href":"https:\/\/eu.tilta.com\/es\/wp-json\/wp\/v2\/types\/product"}],"replies":[{"embeddable":true,"href":"https:\/\/eu.tilta.com\/es\/wp-json\/wp\/v2\/comments?post=3136296"}],"wp:featuredmedia":[{"embeddable":true,"href":"https:\/\/eu.tilta.com\/es\/wp-json\/wp\/v2\/media\/2913491"}],"wp:attachment":[{"href":"https:\/\/eu.tilta.com\/es\/wp-json\/wp\/v2\/media?parent=3136296"}],"wp:term":[{"taxonomy":"product_cat","embeddable":true,"href":"https:\/\/eu.tilta.com\/es\/wp-json\/wp\/v2\/product_cat?post=3136296"},{"taxonomy":"product_tag","embeddable":true,"href":"https:\/\/eu.tilta.com\/es\/wp-json\/wp\/v2\/product_tag?post=3136296"}],"curies":[{"name":"wp","href":"https:\/\/api.w.org\/{rel}","templated":true}]}}