{"id":3136318,"date":"2025-09-22T14:53:55","date_gmt":"2025-09-22T12:53:55","guid":{"rendered":"https:\/\/eu.tilta.com\/shop\/filtro-nd-variable-khronos-magnetico-de-58-mm-2-5-pasos\/"},"modified":"2026-04-15T04:01:08","modified_gmt":"2026-04-15T02:01:08","slug":"khronos-magnetic-58mm-variable-nd-filter-2-5-stops","status":"publish","type":"product","link":"https:\/\/eu.tilta.com\/es\/shop\/khronos-magnetic-58mm-variable-nd-filter-2-5-stops\/","title":{"rendered":"Filtro ND Variable Khronos Magn\u00e9tico de 58 mm (2-5 pasos)"},"content":{"rendered":"<div class=\"overview-text\">\n<p><em>Presentamos el Filtro ND Variable Magn\u00e9tico Khronos de 58 mm (2-5 Stops)<\/em><\/p>\n<p>Esta Densidad Neutra Variable ofrece a los usuarios m\u00e1s control a la hora de ajustar la exposici\u00f3n de su iPhone.<\/p>\n<p>Esto permite a los usuarios reducir la luz visible para el sensor, lo que te permite mantener constante la velocidad de obturaci\u00f3n al disparar en entornos de iluminaci\u00f3n m\u00e1s brillante, como la luz del d\u00eda.<\/p>\n<p>El dise\u00f1o variable de este filtro permite a los usuarios ajustarlo entre 2 y 5 pasos, lo que agiliza la obtenci\u00f3n de una exposici\u00f3n perfecta.<\/p>\n<p>Tambi\u00e9n admite aplicaciones creativas cuando te desplazas entre entornos m\u00e1s oscuros o m\u00e1s luminosos.<\/p>\n<p>La conexi\u00f3n magn\u00e9tica facilita el montaje y desmontaje de la bandeja de filtro Khronos de 58 mm para iPhone 17 Pro\/Pro Max.<\/p>\n<\/div>\n","protected":false},"excerpt":{"rendered":"<p>Presentamos el Filtro ND Variable Magn\u00e9tico Khronos de 58 mm (2-5 Stops) Esta Densidad Neutra Variable ofrece a los usuarios m\u00e1s control a la hora de ajustar la exposici\u00f3n de su iPhone. Esto permite a los usuarios reducir la luz [&hellip;]<\/p>\n","protected":false},"featured_media":2914079,"comment_status":"open","ping_status":"closed","template":"","meta":[],"product_cat":[4496,865],"product_tag":[],"acf":[],"gallery_images":[2914067],"_links":{"self":[{"href":"https:\/\/eu.tilta.com\/es\/wp-json\/wp\/v2\/product\/3136318"}],"collection":[{"href":"https:\/\/eu.tilta.com\/es\/wp-json\/wp\/v2\/product"}],"about":[{"href":"https:\/\/eu.tilta.com\/es\/wp-json\/wp\/v2\/types\/product"}],"replies":[{"embeddable":true,"href":"https:\/\/eu.tilta.com\/es\/wp-json\/wp\/v2\/comments?post=3136318"}],"wp:featuredmedia":[{"embeddable":true,"href":"https:\/\/eu.tilta.com\/es\/wp-json\/wp\/v2\/media\/2914079"}],"wp:attachment":[{"href":"https:\/\/eu.tilta.com\/es\/wp-json\/wp\/v2\/media?parent=3136318"}],"wp:term":[{"taxonomy":"product_cat","embeddable":true,"href":"https:\/\/eu.tilta.com\/es\/wp-json\/wp\/v2\/product_cat?post=3136318"},{"taxonomy":"product_tag","embeddable":true,"href":"https:\/\/eu.tilta.com\/es\/wp-json\/wp\/v2\/product_tag?post=3136318"}],"curies":[{"name":"wp","href":"https:\/\/api.w.org\/{rel}","templated":true}]}}