{"id":3136344,"date":"2025-09-22T14:34:01","date_gmt":"2025-09-22T12:34:01","guid":{"rendered":"https:\/\/eu.tilta.com\/shop\/kit-khronos-iphone-17-pro-pro-max-street-snap\/"},"modified":"2026-04-15T04:01:31","modified_gmt":"2026-04-15T02:01:31","slug":"khronos-iphone-17-pro-pro-max-street-snap-kit","status":"publish","type":"product","link":"https:\/\/eu.tilta.com\/es\/shop\/khronos-iphone-17-pro-pro-max-street-snap-kit\/","title":{"rendered":"Kit Khronos iPhone 17 Pro\/Pro Max Street Snap"},"content":{"rendered":"<p>Presentamos el Kit Khronos Street Snap para iPhone 17 Pro \/ Pro Max, la nueva generaci\u00f3n de filmaci\u00f3n m\u00f3vil.<\/p>\n<p>Dise\u00f1ada meticulosamente para ambos modelos de iPhone 17, esta funda para smartphone inspirada en la jaula de la c\u00e1mara ofrece una mezcla inigualable de funcionalidad y elegancia. Fabricada para proteger tu tel\u00e9fono del desgaste diario, la funda Khronos ofrece una protecci\u00f3n fiable sin comprometer el estilo ni la funcionalidad.<\/p>\n<p>La instalaci\u00f3n es m\u00e1s f\u00e1cil que nunca, ya que esta funda actualizada cuenta con un dise\u00f1o de enganche r\u00e1pido, que permite a los usuarios instalar o retirar la funda r\u00e1pidamente, al tiempo que garantiza que todos los accesorios conectados permanezcan firmemente sujetos. La carcasa Khronos cuenta con puntos de contacto electr\u00f3nicos integrados por todas partes, lo que te permite pasar energ\u00eda a trav\u00e9s de la jaula para alimentar tus accesorios.<\/p>\n<p>El Kit Definitivo incluye el <a href=\"https:\/\/eu.tilta.com\/shop\/khronos-focus-pd-handle-for-iphone\/\">Mango Khronos Focus PD<\/a>, que proporciona potencia adicional a tu sistema y ofrece un mayor control sobre las funciones de Enfoque y Zoom del iPhone. Esta empu\u00f1adura utiliza el mismo mecanismo innovador de abrazadera de bloqueo que otros accesorios Khronos e incorpora una bater\u00eda interna que se puede cargar mediante USB-C.<\/p>\n<p>La empu\u00f1adura se conecta a un iPhone 16 mediante un cable USB-C integrado y utiliza bluetooth para controlar el enfoque o el zoom mediante el dial de la parte frontal de la empu\u00f1adura. Esto tambi\u00e9n proporciona m\u00e1s estabilidad al manejar el sistema y el bot\u00f3n de grabaci\u00f3n garantiza que los usuarios no tengan que soltar la empu\u00f1adura para empezar a grabar.<\/p>\n<p>Este kit tambi\u00e9n incluye una <a href=\"https:\/\/eu.tilta.com\/shop\/khronos-mini-led-panel-daylight\/\">miniluz LED diurna<\/a> que puede montarse en varias posiciones en la carcasa. La luz presenta un CRI \u226595RA y tiene 3 niveles de luminosidad establecidos, as\u00ed como un soporte ajustable.<\/p>\n<p>La<a href=\"https:\/\/eu.tilta.com\/shop\/khronos-58mm-filter-tray-for-iphone-17-pro-pro-max\/\"> bandeja para filtros de<\/a> 58 mm se monta f\u00e1cilmente en la funda Khronos para alojar filtros Tilta o de terceros de 58 mm<\/p>\n<p>El<a href=\"https:\/\/eu.tilta.com\/shop\/khronos-magnetic-58mm-polarizer-with-black-mist-1-2-filter\/\"> Polarizador Magn\u00e9tico de 58 mm con Filtro de Niebla Negra 1\/2<\/a> incluido produce colores precisos y vibrantes al limitar la luz reflejada y evitar los reflejos no deseados causados por superficies reflectantes como el agua o el cristal. Tambi\u00e9n act\u00faa como difusor de la Niebla Negra, lo que resulta ideal para eliminar el borde digital n\u00edtido de la imagen del iPhone y, al mismo tiempo, tener un mayor control sobre la direcci\u00f3n de la luz y los reflejos.<\/p>\n<p><b>NOTA: El mango Focus y el concentrador USB-C necesitan un cable TRS de 3,5 mm a TRRS de 3,5 mm para poder utilizar fuentes de audio externas.<\/b><\/p>\n","protected":false},"excerpt":{"rendered":"<p>Presentamos el Kit Khronos Street Snap para iPhone 17 Pro \/ Pro Max, la nueva generaci\u00f3n de filmaci\u00f3n m\u00f3vil. Dise\u00f1ada meticulosamente para ambos modelos de iPhone 17, esta funda para smartphone inspirada en la jaula de la c\u00e1mara ofrece una [&hellip;]<\/p>\n","protected":false},"featured_media":2913773,"comment_status":"open","ping_status":"closed","template":"","meta":[],"product_cat":[4207,4496],"product_tag":[],"acf":[],"gallery_images":[2913782,2913788,2913795],"_links":{"self":[{"href":"https:\/\/eu.tilta.com\/es\/wp-json\/wp\/v2\/product\/3136344"}],"collection":[{"href":"https:\/\/eu.tilta.com\/es\/wp-json\/wp\/v2\/product"}],"about":[{"href":"https:\/\/eu.tilta.com\/es\/wp-json\/wp\/v2\/types\/product"}],"replies":[{"embeddable":true,"href":"https:\/\/eu.tilta.com\/es\/wp-json\/wp\/v2\/comments?post=3136344"}],"wp:featuredmedia":[{"embeddable":true,"href":"https:\/\/eu.tilta.com\/es\/wp-json\/wp\/v2\/media\/2913773"}],"wp:attachment":[{"href":"https:\/\/eu.tilta.com\/es\/wp-json\/wp\/v2\/media?parent=3136344"}],"wp:term":[{"taxonomy":"product_cat","embeddable":true,"href":"https:\/\/eu.tilta.com\/es\/wp-json\/wp\/v2\/product_cat?post=3136344"},{"taxonomy":"product_tag","embeddable":true,"href":"https:\/\/eu.tilta.com\/es\/wp-json\/wp\/v2\/product_tag?post=3136344"}],"curies":[{"name":"wp","href":"https:\/\/api.w.org\/{rel}","templated":true}]}}