{"id":3136403,"date":"2025-09-23T05:24:12","date_gmt":"2025-09-23T03:24:12","guid":{"rendered":"https:\/\/eu.tilta.com\/shop\/jaula-de-camara-para-el-kit-de-montaje-horizontal-dji-osmo-360-negro\/"},"modified":"2025-12-05T14:38:32","modified_gmt":"2025-12-05T13:38:32","slug":"camera-cage-for-dji-osmo-360-horizontal-mounting-kit-black","status":"publish","type":"product","link":"https:\/\/eu.tilta.com\/es\/shop\/camera-cage-for-dji-osmo-360-horizontal-mounting-kit-black\/","title":{"rendered":"Jaula de c\u00e1mara para el kit de montaje horizontal DJI Osmo 360 &#8211; Negro"},"content":{"rendered":"<p><em>Presentamos la Jaula de C\u00e1mara para el Kit de Montaje Horizontal DJI Osmo 360  <\/em><\/p>\n<p>La base de este kit es la jaula multifuncional de la c\u00e1mara, que admite accesorios adicionales mediante puntos de montaje como una rosca 1\/4\u2033-20 con puntos de localizaci\u00f3n, un receptor de zapata fr\u00eda y una ranura para correa.<\/p>\n<p>El dise\u00f1o de liberaci\u00f3n r\u00e1pida facilita la instalaci\u00f3n y extracci\u00f3n de la jaula seg\u00fan sea necesario y permite a los usuarios acceder f\u00e1cilmente al compartimento de las pilas para cambiarlas r\u00e1pidamente.<\/p>\n<p>El kit incluye una placa de montaje horizontal que ampl\u00eda las opciones para montar el Osmo 360 en distintas configuraciones.<\/p>\n<p>El Kit tambi\u00e9n incluye una Correa de Mano que se puede conectar a la Ranura para Correa para asegurar a\u00fan m\u00e1s la c\u00e1mara cuando se utiliza.<\/p>\n<p>Proporciona protecci\u00f3n adicional al cuerpo de la c\u00e1mara mediante un armaz\u00f3n de aleaci\u00f3n de magnesio y aluminio de alta resistencia, mientras que el protector de silicona del objetivo ayuda a protegerlo cuando no se utiliza.<\/p>\n","protected":false},"excerpt":{"rendered":"<p>Presentamos la Jaula de C\u00e1mara para el Kit de Montaje Horizontal DJI Osmo 360 La base de este kit es la jaula multifuncional de la c\u00e1mara, que admite accesorios adicionales mediante puntos de montaje como una rosca 1\/4\u2033-20 con puntos [&hellip;]<\/p>\n","protected":false},"featured_media":2919644,"comment_status":"open","ping_status":"closed","template":"","meta":[],"product_cat":[4236],"product_tag":[],"acf":[],"gallery_images":[2919652,2919661,2919667,2919674],"_links":{"self":[{"href":"https:\/\/eu.tilta.com\/es\/wp-json\/wp\/v2\/product\/3136403"}],"collection":[{"href":"https:\/\/eu.tilta.com\/es\/wp-json\/wp\/v2\/product"}],"about":[{"href":"https:\/\/eu.tilta.com\/es\/wp-json\/wp\/v2\/types\/product"}],"replies":[{"embeddable":true,"href":"https:\/\/eu.tilta.com\/es\/wp-json\/wp\/v2\/comments?post=3136403"}],"wp:featuredmedia":[{"embeddable":true,"href":"https:\/\/eu.tilta.com\/es\/wp-json\/wp\/v2\/media\/2919644"}],"wp:attachment":[{"href":"https:\/\/eu.tilta.com\/es\/wp-json\/wp\/v2\/media?parent=3136403"}],"wp:term":[{"taxonomy":"product_cat","embeddable":true,"href":"https:\/\/eu.tilta.com\/es\/wp-json\/wp\/v2\/product_cat?post=3136403"},{"taxonomy":"product_tag","embeddable":true,"href":"https:\/\/eu.tilta.com\/es\/wp-json\/wp\/v2\/product_tag?post=3136403"}],"curies":[{"name":"wp","href":"https:\/\/api.w.org\/{rel}","templated":true}]}}