{"id":3136404,"date":"2025-09-28T09:25:34","date_gmt":"2025-09-28T07:25:34","guid":{"rendered":"https:\/\/eu.tilta.com\/shop\/cargador-de-bateria-tilta-para-la-serie-l-np-f-2-canales\/"},"modified":"2026-04-15T04:01:52","modified_gmt":"2026-04-15T02:01:52","slug":"tilta-battery-charger-for-l-series-np-f-2-channel","status":"publish","type":"product","link":"https:\/\/eu.tilta.com\/es\/shop\/tilta-battery-charger-for-l-series-np-f-2-channel\/","title":{"rendered":"Cargador de bater\u00eda Tilta para la serie L\/NP-F (2 canales)"},"content":{"rendered":"<p data-start=\"195\" data-end=\"587\"><em>Presentamos el cargador de bater\u00edas Tilta para la serie L \/ NP-F (2 canales)<\/em><\/p>\n<p data-start=\"195\" data-end=\"587\">Este cargador ultracompacto est\u00e1 fabricado para admitir una amplia gama de bater\u00edas Sony de la serie L \/ NP-F y de otros fabricantes compatibles, como NP-F550, NP-F750, NP-F970, NP-FM50, NP-FM550H, etc.<\/p>\n<p data-start=\"195\" data-end=\"587\">Con dos ranuras de carga y opciones de entrada vers\u00e1tiles, es la soluci\u00f3n energ\u00e9tica perfecta para los creadores que viajan.<\/p>\n<p data-start=\"589\" data-end=\"864\">Equipado tanto con USB-C (protocolo QC 9V\/2A) como con un puerto Micro-USB, el cargador garantiza una carga r\u00e1pida y flexible est\u00e9s donde est\u00e9s.<\/p>\n<p data-start=\"589\" data-end=\"864\">La pantalla LCD integrada proporciona el estado de carga de cada bater\u00eda en tiempo real, lo que te da confianza y claridad durante cada disparo.<\/p>\n<p data-start=\"866\" data-end=\"1165\">Con un peso de s\u00f3lo 62 g (0,14 lbs), se desliza f\u00e1cilmente en cualquier bolsa de equipo sin a\u00f1adir volumen innecesario.<\/p>\n<p data-start=\"866\" data-end=\"1165\">A pesar de su tama\u00f1o, la electr\u00f3nica inteligente protege tus bater\u00edas con la tecnolog\u00eda Smart Power Cut-Off, que evita la sobrecarga deteni\u00e9ndose autom\u00e1ticamente cuando las bater\u00edas est\u00e1n completamente cargadas.<\/p>\n","protected":false},"excerpt":{"rendered":"<p>Presentamos el cargador de bater\u00edas Tilta para la serie L \/ NP-F (2 canales) Este cargador ultracompacto est\u00e1 fabricado para admitir una amplia gama de bater\u00edas Sony de la serie L \/ NP-F y de otros fabricantes compatibles, como NP-F550, [&hellip;]<\/p>\n","protected":false},"featured_media":2962980,"comment_status":"open","ping_status":"closed","template":"","meta":[],"product_cat":[4495,2883],"product_tag":[],"acf":[],"gallery_images":[2962989,2963015],"_links":{"self":[{"href":"https:\/\/eu.tilta.com\/es\/wp-json\/wp\/v2\/product\/3136404"}],"collection":[{"href":"https:\/\/eu.tilta.com\/es\/wp-json\/wp\/v2\/product"}],"about":[{"href":"https:\/\/eu.tilta.com\/es\/wp-json\/wp\/v2\/types\/product"}],"replies":[{"embeddable":true,"href":"https:\/\/eu.tilta.com\/es\/wp-json\/wp\/v2\/comments?post=3136404"}],"wp:featuredmedia":[{"embeddable":true,"href":"https:\/\/eu.tilta.com\/es\/wp-json\/wp\/v2\/media\/2962980"}],"wp:attachment":[{"href":"https:\/\/eu.tilta.com\/es\/wp-json\/wp\/v2\/media?parent=3136404"}],"wp:term":[{"taxonomy":"product_cat","embeddable":true,"href":"https:\/\/eu.tilta.com\/es\/wp-json\/wp\/v2\/product_cat?post=3136404"},{"taxonomy":"product_tag","embeddable":true,"href":"https:\/\/eu.tilta.com\/es\/wp-json\/wp\/v2\/product_tag?post=3136404"}],"curies":[{"name":"wp","href":"https:\/\/api.w.org\/{rel}","templated":true}]}}