{"id":3136416,"date":"2025-09-23T05:22:23","date_gmt":"2025-09-23T03:22:23","guid":{"rendered":"https:\/\/eu.tilta.com\/shop\/jaula-de-camara-completa-para-dji-osmo-360-negro\/"},"modified":"2025-12-05T14:38:45","modified_gmt":"2025-12-05T13:38:45","slug":"full-camera-cage-for-dji-osmo-360-black","status":"publish","type":"product","link":"https:\/\/eu.tilta.com\/es\/shop\/full-camera-cage-for-dji-osmo-360-black\/","title":{"rendered":"Jaula de c\u00e1mara completa para DJI Osmo 360 &#8211; Negro"},"content":{"rendered":"<p><em>Presentamos la Jaula de C\u00e1mara Completa para DJI Osmo 360  <\/em><\/p>\n<p>Esta jaula multifuncional para c\u00e1mara est\u00e1 dise\u00f1ada a medida para la DJI Osmo 360 y admite accesorios adicionales mediante puntos de montaje como una rosca de 1\/4\u2033-20 con puntos de localizaci\u00f3n, un receptor de zapata fr\u00eda y una ranura para correa.<\/p>\n<p>El dise\u00f1o de liberaci\u00f3n r\u00e1pida facilita la instalaci\u00f3n y extracci\u00f3n de la jaula seg\u00fan sea necesario y permite a los usuarios acceder f\u00e1cilmente al compartimento de las pilas para cambiarlas r\u00e1pidamente.<\/p>\n<p>Proporciona protecci\u00f3n adicional al cuerpo de la c\u00e1mara mediante un armaz\u00f3n de aleaci\u00f3n de aluminio y magnesio de alta resistencia.<\/p>\n<p>El protector de lente de silicona incluido ayuda a proteger la lente cuando no se utiliza.<\/p>\n","protected":false},"excerpt":{"rendered":"<p>Presentamos la Jaula de C\u00e1mara Completa para DJI Osmo 360 Esta jaula multifuncional para c\u00e1mara est\u00e1 dise\u00f1ada a medida para la DJI Osmo 360 y admite accesorios adicionales mediante puntos de montaje como una rosca de 1\/4\u2033-20 con puntos de [&hellip;]<\/p>\n","protected":false},"featured_media":2919445,"comment_status":"open","ping_status":"closed","template":"","meta":[],"product_cat":[4236],"product_tag":[],"acf":[],"gallery_images":[2919452,2919458,2919464],"_links":{"self":[{"href":"https:\/\/eu.tilta.com\/es\/wp-json\/wp\/v2\/product\/3136416"}],"collection":[{"href":"https:\/\/eu.tilta.com\/es\/wp-json\/wp\/v2\/product"}],"about":[{"href":"https:\/\/eu.tilta.com\/es\/wp-json\/wp\/v2\/types\/product"}],"replies":[{"embeddable":true,"href":"https:\/\/eu.tilta.com\/es\/wp-json\/wp\/v2\/comments?post=3136416"}],"wp:featuredmedia":[{"embeddable":true,"href":"https:\/\/eu.tilta.com\/es\/wp-json\/wp\/v2\/media\/2919445"}],"wp:attachment":[{"href":"https:\/\/eu.tilta.com\/es\/wp-json\/wp\/v2\/media?parent=3136416"}],"wp:term":[{"taxonomy":"product_cat","embeddable":true,"href":"https:\/\/eu.tilta.com\/es\/wp-json\/wp\/v2\/product_cat?post=3136416"},{"taxonomy":"product_tag","embeddable":true,"href":"https:\/\/eu.tilta.com\/es\/wp-json\/wp\/v2\/product_tag?post=3136416"}],"curies":[{"name":"wp","href":"https:\/\/api.w.org\/{rel}","templated":true}]}}