{"id":3136419,"date":"2025-10-03T10:10:19","date_gmt":"2025-10-03T08:10:19","guid":{"rendered":"https:\/\/eu.tilta.com\/shop\/mango-de-control-khronos-lite-con-kit-de-montaje-magnetico-para-iphone\/"},"modified":"2026-04-15T04:01:52","modified_gmt":"2026-04-15T02:01:52","slug":"khronos-lite-control-handle-with-magnetic-mount-kit-for-iphone","status":"publish","type":"product","link":"https:\/\/eu.tilta.com\/es\/shop\/khronos-lite-control-handle-with-magnetic-mount-kit-for-iphone\/","title":{"rendered":"Mango de control Khronos Lite con kit de montaje magn\u00e9tico para iPhone"},"content":{"rendered":"<p><em>Presentamos el mando de control Khronos Lite con kit de montaje magn\u00e9tico para iPhone<\/em><\/p>\n<p>Este kit incluye una nueva empu\u00f1adura ligera que est\u00e1 dise\u00f1ada para montarse de forma nativa directamente en nuestra Funda Khronos Lite para iPhone 17 a trav\u00e9s de los puntos de montaje de la pata de cabra.<\/p>\n<p>El soporte magn\u00e9tico incluido permite a los usuarios fijar esta empu\u00f1adura directamente a su iPhone mediante una conexi\u00f3n magn\u00e9tica.<\/p>\n<p>El asa mantiene libre el puerto USB-C del smartphone, ya que puede comunicarse directamente a trav\u00e9s de Bluetooth.<\/p>\n<p>Esto permite a los usuarios controlar funciones como el Enfoque, el Zoom, el Obturador y la Grabaci\u00f3n a trav\u00e9s de una empu\u00f1adura externa.<\/p>\n","protected":false},"excerpt":{"rendered":"<p>Presentamos el mando de control Khronos Lite con kit de montaje magn\u00e9tico para iPhone Este kit incluye una nueva empu\u00f1adura ligera que est\u00e1 dise\u00f1ada para montarse de forma nativa directamente en nuestra Funda Khronos Lite para iPhone 17 a trav\u00e9s [&hellip;]<\/p>\n","protected":false},"featured_media":3006627,"comment_status":"open","ping_status":"closed","template":"","meta":[],"product_cat":[4496,865],"product_tag":[],"acf":[],"gallery_images":[3006637,3006652,3006666],"_links":{"self":[{"href":"https:\/\/eu.tilta.com\/es\/wp-json\/wp\/v2\/product\/3136419"}],"collection":[{"href":"https:\/\/eu.tilta.com\/es\/wp-json\/wp\/v2\/product"}],"about":[{"href":"https:\/\/eu.tilta.com\/es\/wp-json\/wp\/v2\/types\/product"}],"replies":[{"embeddable":true,"href":"https:\/\/eu.tilta.com\/es\/wp-json\/wp\/v2\/comments?post=3136419"}],"wp:featuredmedia":[{"embeddable":true,"href":"https:\/\/eu.tilta.com\/es\/wp-json\/wp\/v2\/media\/3006627"}],"wp:attachment":[{"href":"https:\/\/eu.tilta.com\/es\/wp-json\/wp\/v2\/media?parent=3136419"}],"wp:term":[{"taxonomy":"product_cat","embeddable":true,"href":"https:\/\/eu.tilta.com\/es\/wp-json\/wp\/v2\/product_cat?post=3136419"},{"taxonomy":"product_tag","embeddable":true,"href":"https:\/\/eu.tilta.com\/es\/wp-json\/wp\/v2\/product_tag?post=3136419"}],"curies":[{"name":"wp","href":"https:\/\/api.w.org\/{rel}","templated":true}]}}