{"id":3136420,"date":"2025-09-22T13:51:00","date_gmt":"2025-09-22T11:51:00","guid":{"rendered":"https:\/\/eu.tilta.com\/shop\/bandeja-de-filtro-khronos-de-58-mm-para-iphone-17-pro-pro-max\/"},"modified":"2026-04-15T04:01:52","modified_gmt":"2026-04-15T02:01:52","slug":"khronos-58mm-filter-tray-for-iphone-17-pro-pro-max","status":"publish","type":"product","link":"https:\/\/eu.tilta.com\/es\/shop\/khronos-58mm-filter-tray-for-iphone-17-pro-pro-max\/","title":{"rendered":"Bandeja de filtro Khronos de 58 mm para iPhone 17 Pro\/Pro Max"},"content":{"rendered":"<div class=\"overview-text\">\n<p><em>Presentamos la bandeja para filtros Khronos de 58 mm para iPhone 17 Pro\/Pro Max<\/em><\/p>\n<p>Este soporte para bandeja de filtros permite a los usuarios montar filtros magn\u00e9ticos de 58 mm en su funda Khronos para iPhone 17 Pro\/Pro Max, as\u00ed como en la funda Khronos Lite para iPhone 17 Pro\/Pro Max.<\/p>\n<p>La bandeja se desliza y se bloquea en la ranura de la propia carcasa, y adem\u00e1s se sujeta mediante una hebilla de seguridad que se engancha en su sitio e impide que la bandeja se deslice hacia fuera.<\/p>\n<p>Para extraerla, los usuarios pueden presionar esta hebilla para soltar el pestillo y deslizar la bandeja hacia fuera.<\/p>\n<p>La Conexi\u00f3n Magn\u00e9tica admite cualquier Filtro Magn\u00e9tico de 58 mm.<\/p>\n<\/div>\n","protected":false},"excerpt":{"rendered":"<p>Presentamos la bandeja para filtros Khronos de 58 mm para iPhone 17 Pro\/Pro Max Este soporte para bandeja de filtros permite a los usuarios montar filtros magn\u00e9ticos de 58 mm en su funda Khronos para iPhone 17 Pro\/Pro Max, as\u00ed [&hellip;]<\/p>\n","protected":false},"featured_media":2913125,"comment_status":"open","ping_status":"closed","template":"","meta":[],"product_cat":[4496,865],"product_tag":[],"acf":[],"gallery_images":[2913104],"_links":{"self":[{"href":"https:\/\/eu.tilta.com\/es\/wp-json\/wp\/v2\/product\/3136420"}],"collection":[{"href":"https:\/\/eu.tilta.com\/es\/wp-json\/wp\/v2\/product"}],"about":[{"href":"https:\/\/eu.tilta.com\/es\/wp-json\/wp\/v2\/types\/product"}],"replies":[{"embeddable":true,"href":"https:\/\/eu.tilta.com\/es\/wp-json\/wp\/v2\/comments?post=3136420"}],"wp:featuredmedia":[{"embeddable":true,"href":"https:\/\/eu.tilta.com\/es\/wp-json\/wp\/v2\/media\/2913125"}],"wp:attachment":[{"href":"https:\/\/eu.tilta.com\/es\/wp-json\/wp\/v2\/media?parent=3136420"}],"wp:term":[{"taxonomy":"product_cat","embeddable":true,"href":"https:\/\/eu.tilta.com\/es\/wp-json\/wp\/v2\/product_cat?post=3136420"},{"taxonomy":"product_tag","embeddable":true,"href":"https:\/\/eu.tilta.com\/es\/wp-json\/wp\/v2\/product_tag?post=3136420"}],"curies":[{"name":"wp","href":"https:\/\/api.w.org\/{rel}","templated":true}]}}