{"id":3136426,"date":"2025-09-26T06:00:36","date_gmt":"2025-09-26T04:00:36","guid":{"rendered":"https:\/\/eu.tilta.com\/shop\/soporte-magnetico-universal-tilta-1-4%e2%80%b3-20-gris-titanio\/"},"modified":"2025-12-05T14:38:51","modified_gmt":"2025-12-05T13:38:51","slug":"tilta-universal-magnetic-mounting-bracket-1-4%e2%80%b3-20-titanium-grey","status":"publish","type":"product","link":"https:\/\/eu.tilta.com\/es\/shop\/tilta-universal-magnetic-mounting-bracket-1-4%e2%80%b3-20-titanium-grey\/","title":{"rendered":"Soporte magn\u00e9tico universal Tilta (1\/4\u2033-20) &#8211; Gris titanio"},"content":{"rendered":"<p><em>Presentamos el Soporte Magn\u00e9tico Universal Tilta (1\/4\u2033-20)  <\/em><\/p>\n<p>Este ligero accesorio se conecta magn\u00e9ticamente a la parte posterior de los smartphones compatibles y cuenta con puntos de montaje para accesorios.<\/p>\n<p>Incluye una rosca central de 1\/4\u2033-20 con puntos de fijaci\u00f3n y dos receptores de zapata.<\/p>\n<p>Estos puntos de montaje son una opci\u00f3n perfecta para micr\u00f3fonos ligeros, luces LED, brazos articulados y peque\u00f1os tr\u00edpodes o palos selfie.<\/p>\n<p>La sencillez de esta conexi\u00f3n magn\u00e9tica permite montarla o desmontarla al instante, y su construcci\u00f3n ligera facilita su transporte cuando no se utiliza.<\/p>\n","protected":false},"excerpt":{"rendered":"<p>Presentamos el Soporte Magn\u00e9tico Universal Tilta (1\/4\u2033-20) Este ligero accesorio se conecta magn\u00e9ticamente a la parte posterior de los smartphones compatibles y cuenta con puntos de montaje para accesorios. Incluye una rosca central de 1\/4\u2033-20 con puntos de fijaci\u00f3n y [&hellip;]<\/p>\n","protected":false},"featured_media":2945477,"comment_status":"open","ping_status":"closed","template":"","meta":[],"product_cat":[2973],"product_tag":[],"acf":[],"gallery_images":[2945483,2945489,2945456,2945463,2945469],"_links":{"self":[{"href":"https:\/\/eu.tilta.com\/es\/wp-json\/wp\/v2\/product\/3136426"}],"collection":[{"href":"https:\/\/eu.tilta.com\/es\/wp-json\/wp\/v2\/product"}],"about":[{"href":"https:\/\/eu.tilta.com\/es\/wp-json\/wp\/v2\/types\/product"}],"replies":[{"embeddable":true,"href":"https:\/\/eu.tilta.com\/es\/wp-json\/wp\/v2\/comments?post=3136426"}],"wp:featuredmedia":[{"embeddable":true,"href":"https:\/\/eu.tilta.com\/es\/wp-json\/wp\/v2\/media\/2945477"}],"wp:attachment":[{"href":"https:\/\/eu.tilta.com\/es\/wp-json\/wp\/v2\/media?parent=3136426"}],"wp:term":[{"taxonomy":"product_cat","embeddable":true,"href":"https:\/\/eu.tilta.com\/es\/wp-json\/wp\/v2\/product_cat?post=3136426"},{"taxonomy":"product_tag","embeddable":true,"href":"https:\/\/eu.tilta.com\/es\/wp-json\/wp\/v2\/product_tag?post=3136426"}],"curies":[{"name":"wp","href":"https:\/\/api.w.org\/{rel}","templated":true}]}}