{"id":3136517,"date":"2025-09-15T05:59:08","date_gmt":"2025-09-15T03:59:08","guid":{"rendered":"https:\/\/eu.tilta.com\/shop\/soporte-de-varilla-de-motor-nucleus-m-ii\/"},"modified":"2025-12-05T14:40:21","modified_gmt":"2025-12-05T13:40:21","slug":"nucleus-m-ii-motor-rod-mount","status":"publish","type":"product","link":"https:\/\/eu.tilta.com\/es\/shop\/nucleus-m-ii-motor-rod-mount\/","title":{"rendered":"Soporte de varilla de motor Nucleus-M II"},"content":{"rendered":"<p>Este soporte para varilla de motor Nucleus-M II se desliza sobre el motor Nucleus-M II para permitir a los usuarios acoplar el motor a una varilla de 15 mm o 19 mm.<\/p>\n<p>El dise\u00f1o actualizado presenta dos tama\u00f1os diferentes para cada tama\u00f1o de varilla, lo que crea una conexi\u00f3n m\u00e1s segura.<\/p>\n","protected":false},"excerpt":{"rendered":"<p>Este soporte para varilla de motor Nucleus-M II se desliza sobre el motor Nucleus-M II para permitir a los usuarios acoplar el motor a una varilla de 15 mm o 19 mm. El dise\u00f1o actualizado presenta dos tama\u00f1os diferentes para [&hellip;]<\/p>\n","protected":false},"featured_media":2859888,"comment_status":"open","ping_status":"closed","template":"","meta":[],"product_cat":[3919],"product_tag":[],"acf":[],"gallery_images":[2859891],"_links":{"self":[{"href":"https:\/\/eu.tilta.com\/es\/wp-json\/wp\/v2\/product\/3136517"}],"collection":[{"href":"https:\/\/eu.tilta.com\/es\/wp-json\/wp\/v2\/product"}],"about":[{"href":"https:\/\/eu.tilta.com\/es\/wp-json\/wp\/v2\/types\/product"}],"replies":[{"embeddable":true,"href":"https:\/\/eu.tilta.com\/es\/wp-json\/wp\/v2\/comments?post=3136517"}],"wp:featuredmedia":[{"embeddable":true,"href":"https:\/\/eu.tilta.com\/es\/wp-json\/wp\/v2\/media\/2859888"}],"wp:attachment":[{"href":"https:\/\/eu.tilta.com\/es\/wp-json\/wp\/v2\/media?parent=3136517"}],"wp:term":[{"taxonomy":"product_cat","embeddable":true,"href":"https:\/\/eu.tilta.com\/es\/wp-json\/wp\/v2\/product_cat?post=3136517"},{"taxonomy":"product_tag","embeddable":true,"href":"https:\/\/eu.tilta.com\/es\/wp-json\/wp\/v2\/product_tag?post=3136517"}],"curies":[{"name":"wp","href":"https:\/\/api.w.org\/{rel}","templated":true}]}}