{"id":3136564,"date":"2025-09-18T08:01:42","date_gmt":"2025-09-18T06:01:42","guid":{"rendered":"https:\/\/eu.tilta.com\/shop\/jaula-de-camara-vintage-para-kit-base-fujifilm-x-e5\/"},"modified":"2025-12-05T14:40:42","modified_gmt":"2025-12-05T13:40:42","slug":"vintage-camera-cage-for-fujifilm-x-e5-base-kit","status":"publish","type":"product","link":"https:\/\/eu.tilta.com\/es\/shop\/vintage-camera-cage-for-fujifilm-x-e5-base-kit\/","title":{"rendered":"Jaula de c\u00e1mara vintage para kit base Fujifilm X-E5"},"content":{"rendered":"<p>Presentamos la Jaula Vintage para el Kit Base Fujifilm X-E5<\/p>\n<p>La base de este kit es un soporte en L con una empu\u00f1adura de madera de nogal, que proporciona una forma m\u00e1s c\u00f3moda de manejar y manipular la c\u00e1mara.<\/p>\n<p>La placa inferior puede alojar f\u00e1cilmente una placa de liberaci\u00f3n r\u00e1pida ARCA, que permite montar f\u00e1cilmente el sistema en cardanes Ronin de la serie S o en tr\u00edpodes ligeros, como nuestro <a href=\"https:\/\/eu.tilta.com\/shop\/tilta-vt05-travel-video-fluid-head-with-3-stage-carbon-fiber-tripod-legs-5kg\/\">tr\u00edpode de cabeza fluida de viaje VT-05<\/a>.<\/p>\n","protected":false},"excerpt":{"rendered":"<p>Presentamos la Jaula Vintage para el Kit Base Fujifilm X-E5 La base de este kit es un soporte en L con una empu\u00f1adura de madera de nogal, que proporciona una forma m\u00e1s c\u00f3moda de manejar y manipular la c\u00e1mara. La [&hellip;]<\/p>\n","protected":false},"featured_media":2875372,"comment_status":"open","ping_status":"closed","template":"","meta":[],"product_cat":[4257],"product_tag":[],"acf":[],"gallery_images":[2875392,2875406,2875419],"_links":{"self":[{"href":"https:\/\/eu.tilta.com\/es\/wp-json\/wp\/v2\/product\/3136564"}],"collection":[{"href":"https:\/\/eu.tilta.com\/es\/wp-json\/wp\/v2\/product"}],"about":[{"href":"https:\/\/eu.tilta.com\/es\/wp-json\/wp\/v2\/types\/product"}],"replies":[{"embeddable":true,"href":"https:\/\/eu.tilta.com\/es\/wp-json\/wp\/v2\/comments?post=3136564"}],"wp:featuredmedia":[{"embeddable":true,"href":"https:\/\/eu.tilta.com\/es\/wp-json\/wp\/v2\/media\/2875372"}],"wp:attachment":[{"href":"https:\/\/eu.tilta.com\/es\/wp-json\/wp\/v2\/media?parent=3136564"}],"wp:term":[{"taxonomy":"product_cat","embeddable":true,"href":"https:\/\/eu.tilta.com\/es\/wp-json\/wp\/v2\/product_cat?post=3136564"},{"taxonomy":"product_tag","embeddable":true,"href":"https:\/\/eu.tilta.com\/es\/wp-json\/wp\/v2\/product_tag?post=3136564"}],"curies":[{"name":"wp","href":"https:\/\/api.w.org\/{rel}","templated":true}]}}