{"id":3136569,"date":"2025-09-15T05:36:03","date_gmt":"2025-09-15T03:36:03","guid":{"rendered":"https:\/\/eu.tilta.com\/shop\/cable-de-conexion-nucleus-m-ii-de-7-patillas-a-7-patillas\/"},"modified":"2026-02-16T09:03:49","modified_gmt":"2026-02-16T08:03:49","slug":"nucleus-m-ii-7-pin-to-7-pin-connection-cable","status":"publish","type":"product","link":"https:\/\/eu.tilta.com\/es\/shop\/nucleus-m-ii-7-pin-to-7-pin-connection-cable\/","title":{"rendered":"Cable de conexi\u00f3n Nucleus-M II de 7 patillas a 7 patillas"},"content":{"rendered":"<p>Este cable de alimentaci\u00f3n de 7 patillas a 7 patillas se utiliza para proporcionar un enlace en cadena entre dos motores Nucleus-M o Nucleus M-II, permitiendo tanto la comunicaci\u00f3n como la distribuci\u00f3n de energ\u00eda entre motores.<\/p>\n<p>Las empu\u00f1aduras tambi\u00e9n pueden suministrar energ\u00eda a los motores a trav\u00e9s de este cable, pero los usuarios experimentar\u00e1n menos par motor debido al menor voltaje y a la menor duraci\u00f3n de la bater\u00eda.<\/p>\n<p>Ten en cuenta que se necesita un cable de P-tap a 7 patillas o de 3 patillas a 7 patillas para alimentar primero uno de los motores antes de que este cable transfiera energ\u00eda e informaci\u00f3n a otro motor, a menos que est\u00e9 conectado directamente a una empu\u00f1adura.<\/p>\n<p>Est\u00e1 disponible en longitudes de 30 cm o 50 cm.<\/p>\n","protected":false},"excerpt":{"rendered":"<p>Este cable de alimentaci\u00f3n de 7 patillas a 7 patillas se utiliza para proporcionar un enlace en cadena entre dos motores Nucleus-M o Nucleus M-II, permitiendo tanto la comunicaci\u00f3n como la distribuci\u00f3n de energ\u00eda entre motores. Las empu\u00f1aduras tambi\u00e9n pueden [&hellip;]<\/p>\n","protected":false},"featured_media":2859732,"comment_status":"open","ping_status":"closed","template":"","meta":[],"product_cat":[4448,3919],"product_tag":[],"acf":[],"gallery_images":[],"_links":{"self":[{"href":"https:\/\/eu.tilta.com\/es\/wp-json\/wp\/v2\/product\/3136569"}],"collection":[{"href":"https:\/\/eu.tilta.com\/es\/wp-json\/wp\/v2\/product"}],"about":[{"href":"https:\/\/eu.tilta.com\/es\/wp-json\/wp\/v2\/types\/product"}],"replies":[{"embeddable":true,"href":"https:\/\/eu.tilta.com\/es\/wp-json\/wp\/v2\/comments?post=3136569"}],"wp:featuredmedia":[{"embeddable":true,"href":"https:\/\/eu.tilta.com\/es\/wp-json\/wp\/v2\/media\/2859732"}],"wp:attachment":[{"href":"https:\/\/eu.tilta.com\/es\/wp-json\/wp\/v2\/media?parent=3136569"}],"wp:term":[{"taxonomy":"product_cat","embeddable":true,"href":"https:\/\/eu.tilta.com\/es\/wp-json\/wp\/v2\/product_cat?post=3136569"},{"taxonomy":"product_tag","embeddable":true,"href":"https:\/\/eu.tilta.com\/es\/wp-json\/wp\/v2\/product_tag?post=3136569"}],"curies":[{"name":"wp","href":"https:\/\/api.w.org\/{rel}","templated":true}]}}