{"id":3136581,"date":"2025-09-15T05:24:36","date_gmt":"2025-09-15T03:24:36","guid":{"rendered":"https:\/\/eu.tilta.com\/shop\/adaptador-de-clavija-para-bebe-nucleus-m-ii-para-soporte-de-montaje-de-monitor\/"},"modified":"2025-12-05T14:40:49","modified_gmt":"2025-12-05T13:40:49","slug":"nucleus-m-ii-baby-pin-adapter-for-monitor-mounting-bracket","status":"publish","type":"product","link":"https:\/\/eu.tilta.com\/es\/shop\/nucleus-m-ii-baby-pin-adapter-for-monitor-mounting-bracket\/","title":{"rendered":"Adaptador de clavija para beb\u00e9 Nucleus-M II para soporte de montaje de monitor"},"content":{"rendered":"<div class=\"overview-text\">\n<p>Este adaptador de clavija para beb\u00e9s se conecta directamente al soporte de montaje del monitor para la unidad manual FIZ Nucleus-M II mediante una conexi\u00f3n de 1\/4\u2033-20.<\/p>\n<p>Permite a los usuarios montar el FIZ mediante este adaptador a un Baby Pin para crear una estaci\u00f3n de extracci\u00f3n de foco y dispone de un eje de inclinaci\u00f3n con tensi\u00f3n ajustable.<\/p>\n<p>Un peque\u00f1o lazo en el lateral permite sujetarlo al pasador para beb\u00e9s.<\/p>\n<\/div>\n","protected":false},"excerpt":{"rendered":"<p>Este adaptador de clavija para beb\u00e9s se conecta directamente al soporte de montaje del monitor para la unidad manual FIZ Nucleus-M II mediante una conexi\u00f3n de 1\/4\u2033-20. Permite a los usuarios montar el FIZ mediante este adaptador a un Baby [&hellip;]<\/p>\n","protected":false},"featured_media":2859607,"comment_status":"open","ping_status":"closed","template":"","meta":[],"product_cat":[3919],"product_tag":[],"acf":[],"gallery_images":[2859609,2859615],"_links":{"self":[{"href":"https:\/\/eu.tilta.com\/es\/wp-json\/wp\/v2\/product\/3136581"}],"collection":[{"href":"https:\/\/eu.tilta.com\/es\/wp-json\/wp\/v2\/product"}],"about":[{"href":"https:\/\/eu.tilta.com\/es\/wp-json\/wp\/v2\/types\/product"}],"replies":[{"embeddable":true,"href":"https:\/\/eu.tilta.com\/es\/wp-json\/wp\/v2\/comments?post=3136581"}],"wp:featuredmedia":[{"embeddable":true,"href":"https:\/\/eu.tilta.com\/es\/wp-json\/wp\/v2\/media\/2859607"}],"wp:attachment":[{"href":"https:\/\/eu.tilta.com\/es\/wp-json\/wp\/v2\/media?parent=3136581"}],"wp:term":[{"taxonomy":"product_cat","embeddable":true,"href":"https:\/\/eu.tilta.com\/es\/wp-json\/wp\/v2\/product_cat?post=3136581"},{"taxonomy":"product_tag","embeddable":true,"href":"https:\/\/eu.tilta.com\/es\/wp-json\/wp\/v2\/product_tag?post=3136581"}],"curies":[{"name":"wp","href":"https:\/\/api.w.org\/{rel}","templated":true}]}}