{"id":3136583,"date":"2025-09-15T05:30:36","date_gmt":"2025-09-15T03:30:36","guid":{"rendered":"https:\/\/eu.tilta.com\/shop\/disco-marcador-de-enfoque-electronico-nucleus-m-ii\/"},"modified":"2025-12-05T14:40:50","modified_gmt":"2025-12-05T13:40:50","slug":"nucleus-m-ii-electronic-focus-marking-disk","status":"publish","type":"product","link":"https:\/\/eu.tilta.com\/es\/shop\/nucleus-m-ii-electronic-focus-marking-disk\/","title":{"rendered":"Disco marcador de enfoque electr\u00f3nico Nucleus-M II"},"content":{"rendered":"<p>El Disco Electr\u00f3nico de Marcas de Enfoque muestra la informaci\u00f3n de enfoque, la profundidad de campo y las marcas de ajuste desde una c\u00f3moda posici\u00f3n de manejo.<\/p>\n<p>Este Disco de Marcado se encaja en su sitio de forma similar a las versiones mec\u00e1nicas e incorpora un bot\u00f3n de liberaci\u00f3n r\u00e1pida profundo para retirarlo r\u00e1pidamente sin que se desconecte accidentalmente.<\/p>\n<p>Este disco de marcado alimenta y recibe informaci\u00f3n directamente del FIZ y la escala puede ampliarse o reducirse seg\u00fan sea necesario.<\/p>\n<p>Atenci\u00f3n: la direcci\u00f3n de las marcas no se puede cambiar en este momento.<\/p>\n","protected":false},"excerpt":{"rendered":"<p>El Disco Electr\u00f3nico de Marcas de Enfoque muestra la informaci\u00f3n de enfoque, la profundidad de campo y las marcas de ajuste desde una c\u00f3moda posici\u00f3n de manejo. Este Disco de Marcado se encaja en su sitio de forma similar a [&hellip;]<\/p>\n","protected":false},"featured_media":2859689,"comment_status":"open","ping_status":"closed","template":"","meta":[],"product_cat":[3919],"product_tag":[],"acf":[],"gallery_images":[2859683],"_links":{"self":[{"href":"https:\/\/eu.tilta.com\/es\/wp-json\/wp\/v2\/product\/3136583"}],"collection":[{"href":"https:\/\/eu.tilta.com\/es\/wp-json\/wp\/v2\/product"}],"about":[{"href":"https:\/\/eu.tilta.com\/es\/wp-json\/wp\/v2\/types\/product"}],"replies":[{"embeddable":true,"href":"https:\/\/eu.tilta.com\/es\/wp-json\/wp\/v2\/comments?post=3136583"}],"wp:featuredmedia":[{"embeddable":true,"href":"https:\/\/eu.tilta.com\/es\/wp-json\/wp\/v2\/media\/2859689"}],"wp:attachment":[{"href":"https:\/\/eu.tilta.com\/es\/wp-json\/wp\/v2\/media?parent=3136583"}],"wp:term":[{"taxonomy":"product_cat","embeddable":true,"href":"https:\/\/eu.tilta.com\/es\/wp-json\/wp\/v2\/product_cat?post=3136583"},{"taxonomy":"product_tag","embeddable":true,"href":"https:\/\/eu.tilta.com\/es\/wp-json\/wp\/v2\/product_tag?post=3136583"}],"curies":[{"name":"wp","href":"https:\/\/api.w.org\/{rel}","templated":true}]}}