{"id":3136584,"date":"2025-09-15T05:27:41","date_gmt":"2025-09-15T03:27:41","guid":{"rendered":"https:\/\/eu.tilta.com\/shop\/adaptador-de-empunadura-nucleus-m-ii-a-roseta-estandar-arri\/"},"modified":"2025-12-05T14:40:51","modified_gmt":"2025-12-05T13:40:51","slug":"nucleus-m-ii-hand-grip-to-arri-standard-rosette-adapter","status":"publish","type":"product","link":"https:\/\/eu.tilta.com\/es\/shop\/nucleus-m-ii-hand-grip-to-arri-standard-rosette-adapter\/","title":{"rendered":"Adaptador de empu\u00f1adura Nucleus-M II a roseta est\u00e1ndar Arri"},"content":{"rendered":"<p>El sistema inal\u00e1mbrico de control del objetivo Nucleus-M II se dise\u00f1\u00f3 pensando en la versatilidad.<\/p>\n<p>Utilizando estos adaptadores, conecta f\u00e1cilmente tus Empu\u00f1aduras Nucleus-M II a cualquier conexi\u00f3n Arri Standard Rosette para permitir el funcionamiento manual o con card\u00e1n.<\/p>\n<p>El paquete incluye un \u00fanico adaptador que puede utilizarse como adaptador izquierdo o derecho para las empu\u00f1aduras Nucleus-M II.<\/p>\n","protected":false},"excerpt":{"rendered":"<p>El sistema inal\u00e1mbrico de control del objetivo Nucleus-M II se dise\u00f1\u00f3 pensando en la versatilidad. Utilizando estos adaptadores, conecta f\u00e1cilmente tus Empu\u00f1aduras Nucleus-M II a cualquier conexi\u00f3n Arri Standard Rosette para permitir el funcionamiento manual o con card\u00e1n. El paquete [&hellip;]<\/p>\n","protected":false},"featured_media":2859651,"comment_status":"open","ping_status":"closed","template":"","meta":[],"product_cat":[3919],"product_tag":[],"acf":[],"gallery_images":[],"_links":{"self":[{"href":"https:\/\/eu.tilta.com\/es\/wp-json\/wp\/v2\/product\/3136584"}],"collection":[{"href":"https:\/\/eu.tilta.com\/es\/wp-json\/wp\/v2\/product"}],"about":[{"href":"https:\/\/eu.tilta.com\/es\/wp-json\/wp\/v2\/types\/product"}],"replies":[{"embeddable":true,"href":"https:\/\/eu.tilta.com\/es\/wp-json\/wp\/v2\/comments?post=3136584"}],"wp:featuredmedia":[{"embeddable":true,"href":"https:\/\/eu.tilta.com\/es\/wp-json\/wp\/v2\/media\/2859651"}],"wp:attachment":[{"href":"https:\/\/eu.tilta.com\/es\/wp-json\/wp\/v2\/media?parent=3136584"}],"wp:term":[{"taxonomy":"product_cat","embeddable":true,"href":"https:\/\/eu.tilta.com\/es\/wp-json\/wp\/v2\/product_cat?post=3136584"},{"taxonomy":"product_tag","embeddable":true,"href":"https:\/\/eu.tilta.com\/es\/wp-json\/wp\/v2\/product_tag?post=3136584"}],"curies":[{"name":"wp","href":"https:\/\/api.w.org\/{rel}","templated":true}]}}