{"id":3136604,"date":"2025-09-11T09:45:16","date_gmt":"2025-09-11T07:45:16","guid":{"rendered":"https:\/\/eu.tilta.com\/shop\/bandeja-de-nivel-medio-para-carro-de-camara-boulder-negro\/"},"modified":"2026-04-15T04:04:38","modified_gmt":"2026-04-15T02:04:38","slug":"mid-level-tray-for-boulder-camera-cart-black","status":"publish","type":"product","link":"https:\/\/eu.tilta.com\/es\/shop\/mid-level-tray-for-boulder-camera-cart-black\/","title":{"rendered":"Bandeja de nivel medio para carro de c\u00e1mara Boulder &#8211; Negro"},"content":{"rendered":"<div class=\"overview-text\">\n<p><em>Presentamos la bandeja de nivel medio para el carro de c\u00e1maras Boulder  <\/em><\/p>\n<p>Esta bandeja puede montarse f\u00e1cilmente en los postes de soporte principales del carro de la c\u00e1mara para proporcionar una superficie adicional a distintas alturas.<\/p>\n<p>Utiliza tornillos de bloqueo sin herramientas para montarlo en la barra de soporte que une las patas del carro a cada lado.<\/p>\n<p>Los usuarios pueden ajustar la altura subiendo o bajando los soportes para acomodar maletas o accesorios de distintos tama\u00f1os.<\/p>\n<p>Esto es especialmente \u00fatil cuando se monta m\u00e1s alto, ya que crea un estante extra delgado para guardar herramientas y otras piezas m\u00e1s peque\u00f1as, al tiempo que deja un gran espacio en la parte inferior para guardar maletas y otros objetos m\u00e1s grandes.<\/p>\n<\/div>\n","protected":false},"excerpt":{"rendered":"<p>Presentamos la bandeja de nivel medio para el carro de c\u00e1maras Boulder Esta bandeja puede montarse f\u00e1cilmente en los postes de soporte principales del carro de la c\u00e1mara para proporcionar una superficie adicional a distintas alturas. Utiliza tornillos de bloqueo [&hellip;]<\/p>\n","protected":false},"featured_media":2846254,"comment_status":"open","ping_status":"closed","template":"","meta":[],"product_cat":[4494,4225],"product_tag":[],"acf":[],"gallery_images":[2846247],"_links":{"self":[{"href":"https:\/\/eu.tilta.com\/es\/wp-json\/wp\/v2\/product\/3136604"}],"collection":[{"href":"https:\/\/eu.tilta.com\/es\/wp-json\/wp\/v2\/product"}],"about":[{"href":"https:\/\/eu.tilta.com\/es\/wp-json\/wp\/v2\/types\/product"}],"replies":[{"embeddable":true,"href":"https:\/\/eu.tilta.com\/es\/wp-json\/wp\/v2\/comments?post=3136604"}],"wp:featuredmedia":[{"embeddable":true,"href":"https:\/\/eu.tilta.com\/es\/wp-json\/wp\/v2\/media\/2846254"}],"wp:attachment":[{"href":"https:\/\/eu.tilta.com\/es\/wp-json\/wp\/v2\/media?parent=3136604"}],"wp:term":[{"taxonomy":"product_cat","embeddable":true,"href":"https:\/\/eu.tilta.com\/es\/wp-json\/wp\/v2\/product_cat?post=3136604"},{"taxonomy":"product_tag","embeddable":true,"href":"https:\/\/eu.tilta.com\/es\/wp-json\/wp\/v2\/product_tag?post=3136604"}],"curies":[{"name":"wp","href":"https:\/\/api.w.org\/{rel}","templated":true}]}}