{"id":3136610,"date":"2025-09-12T09:40:11","date_gmt":"2025-09-12T07:40:11","guid":{"rendered":"https:\/\/eu.tilta.com\/shop\/sistema-de-olla-rapida-hydra-x-dan-ming\/"},"modified":"2025-12-05T14:41:25","modified_gmt":"2025-12-05T13:41:25","slug":"hydra-x-dan-ming-speed-pan-system","status":"publish","type":"product","link":"https:\/\/eu.tilta.com\/es\/shop\/hydra-x-dan-ming-speed-pan-system\/","title":{"rendered":"Sistema de olla r\u00e1pida Hydra x Dan Ming"},"content":{"rendered":"<div class=\"overview-text\">\n<p><em>Presentamos una colaboraci\u00f3n \u00fanica en su g\u00e9nero: el sistema de ollas r\u00e1pidas Hydra x Dan Ming<\/em><\/p>\n<p>El Sistema de Encuadre R\u00e1pido permite a los usuarios capturar encuadres de alta velocidad mediante el control preciso de un motor de enfoque de seguimiento inal\u00e1mbrico.<\/p>\n<p>La base de este sistema es una base giratoria con dientes engranados para que gire un motor de enfoque. Las c\u00e1maras con un factor de forma peque\u00f1o, como las c\u00e1maras de acci\u00f3n o las DSLR, pueden montarse mediante una placa de liberaci\u00f3n r\u00e1pida.<\/p>\n<p>Esta base tambi\u00e9n cuenta con un eje de inclinaci\u00f3n ajustable que ayuda a encuadrar y crear \u00e1ngulos \u00fanicos.<\/p>\n<p>En la parte inferior de esta base encontrar\u00e1s tres ra\u00edles OTAN que pueden utilizarse para fijar brazos articulados y ventosas, as\u00ed como otros sistemas de soporte personalizados.<\/p>\n<p>El Kit Pro incluye tres brazos articulados de alta resistencia, as\u00ed como tres ventosas electr\u00f3nicas. Esto proporciona una opci\u00f3n de montaje segura y flexible para alinear el sistema en diversos \u00e1ngulos del veh\u00edculo.<\/p>\n<p>Este sistema est\u00e1 dise\u00f1ado para ayudar a capturar la acci\u00f3n a alta velocidad que suele darse en las grabaciones entre coches, pero puede utilizarse en otros escenarios de grabaci\u00f3n creativos gracias a los m\u00faltiples puntos de montaje de la propia unidad, como las roscas NATO y \u00bc&#8221;-20.<\/p>\n<p>Dan Ming trabaj\u00f3 como 1\u00ba AC e Ingeniero de Sistemas en F1: The Movie. Desempe\u00f1\u00f3 un papel clave en el desarrollo del sistema prototipo compacto &#8220;Sensor on a Stick&#8221; de Sony y co-dise\u00f1\u00f3 el Pana-Pan con Panavision.<\/p>\n<p>Su experiencia abarca numerosas producciones de Hollywood, donde se ha hecho famoso por integrar tecnolog\u00eda innovadora en escenarios de rodaje complejos.<\/p>\n<p><strong>NOTA: El motor inal\u00e1mbrico de seguimiento del enfoque no est\u00e1 incluido<\/strong><\/p>\n<\/div>\n","protected":false},"excerpt":{"rendered":"<p>Presentamos una colaboraci\u00f3n \u00fanica en su g\u00e9nero: el sistema de ollas r\u00e1pidas Hydra x Dan Ming El Sistema de Encuadre R\u00e1pido permite a los usuarios capturar encuadres de alta velocidad mediante el control preciso de un motor de enfoque de [&hellip;]<\/p>\n","protected":false},"featured_media":2851655,"comment_status":"open","ping_status":"closed","template":"","meta":[],"product_cat":[4277],"product_tag":[],"acf":[],"gallery_images":[2851663,2851649,2851615,2851605,2851637,2851643,2851631,2851723,2851678,2851671],"_links":{"self":[{"href":"https:\/\/eu.tilta.com\/es\/wp-json\/wp\/v2\/product\/3136610"}],"collection":[{"href":"https:\/\/eu.tilta.com\/es\/wp-json\/wp\/v2\/product"}],"about":[{"href":"https:\/\/eu.tilta.com\/es\/wp-json\/wp\/v2\/types\/product"}],"replies":[{"embeddable":true,"href":"https:\/\/eu.tilta.com\/es\/wp-json\/wp\/v2\/comments?post=3136610"}],"wp:featuredmedia":[{"embeddable":true,"href":"https:\/\/eu.tilta.com\/es\/wp-json\/wp\/v2\/media\/2851655"}],"wp:attachment":[{"href":"https:\/\/eu.tilta.com\/es\/wp-json\/wp\/v2\/media?parent=3136610"}],"wp:term":[{"taxonomy":"product_cat","embeddable":true,"href":"https:\/\/eu.tilta.com\/es\/wp-json\/wp\/v2\/product_cat?post=3136610"},{"taxonomy":"product_tag","embeddable":true,"href":"https:\/\/eu.tilta.com\/es\/wp-json\/wp\/v2\/product_tag?post=3136610"}],"curies":[{"name":"wp","href":"https:\/\/api.w.org\/{rel}","templated":true}]}}