{"id":3136619,"date":"2025-09-11T09:37:28","date_gmt":"2025-09-11T07:37:28","guid":{"rendered":"https:\/\/eu.tilta.com\/shop\/carro-para-camara-tilta-boulder-36\/"},"modified":"2025-12-05T14:44:10","modified_gmt":"2025-12-05T13:44:10","slug":"tilta-boulder-36-camera-cart","status":"publish","type":"product","link":"https:\/\/eu.tilta.com\/es\/shop\/tilta-boulder-36-camera-cart\/","title":{"rendered":"Carro para c\u00e1mara Tilta Boulder 36"},"content":{"rendered":"<div class=\"overview-text\">\n<p>Presentamos el carro para c\u00e1mara Tilta Boulder y el kit Indie<\/p>\n<p data-start=\"396\" data-end=\"559\">El carro para c\u00e1mara Tilta Boulder es una estaci\u00f3n de trabajo robusta y port\u00e1til construida para satisfacer las demandas de cineastas profesionales, t\u00e9cnicos y aficionados al bricolaje por igual.<\/p>\n<p data-start=\"561\" data-end=\"1107\">Dise\u00f1ado con la versatilidad y la comodidad como base, el Boulder incorpora un sistema de liberaci\u00f3n r\u00e1pida sin herramientas que permite montarlo y desmontarlo f\u00e1cilmente sobre la marcha, perfecto para los sets de ritmo r\u00e1pido o la vida en movimiento. Cuando no se utilizan, las bandejas superior e inferior del carro se combinan para formar una caja r\u00edgida y segura, que encierra los componentes en su interior. Un asa integrada y unas peque\u00f1as ruedas incorporadas transforman la unidad desmontada en una maleta rodante, lo que permite transportarla sin esfuerzo de un lugar a otro y cargarla f\u00e1cilmente en veh\u00edculos m\u00e1s peque\u00f1os.<\/p>\n<p data-start=\"1109\" data-end=\"1429\">Construido con aluminio duradero, el Boulder ofrece m\u00faltiples opciones de montaje, incluidas roscas de 1\/4\u2033-20 y 3\/8\u2033-16 con puntos de fijaci\u00f3n, lo que permite una personalizaci\u00f3n total con accesorios opcionales. Tanto si necesitas acoplar brazos de monitor, bastidores de herramientas u otros equipos de apoyo, este carro est\u00e1 preparado para adaptarse a tu flujo de trabajo.<\/p>\n<p data-start=\"1431\" data-end=\"1461\">El modelo base incluye:<\/p>\n<ul class=\"list-unstyled\" data-start=\"1462\" data-end=\"1733\">\n<li data-start=\"1462\" data-end=\"1534\">Cuatro ruedas (dos fijas y dos giratorias) para una movilidad suave<\/li>\n<li data-start=\"1535\" data-end=\"1574\">Dos asas para un control c\u00f3modo<\/li>\n<li data-start=\"1575\" data-end=\"1733\">Una amplia gama de accesorios opcionales que te permiten ampliar el carro para convertirlo en una estaci\u00f3n de trabajo de c\u00e1mara, una estaci\u00f3n de enfoque, un centro DIT o incluso un taller m\u00f3vil<\/li>\n<\/ul>\n<p data-start=\"1735\" data-end=\"1867\">Para los que buscan una configuraci\u00f3n lista para usar, el Kit Indie del Carro con C\u00e1mara Boulder se basa en el modelo b\u00e1sico con mejoras incluidas:<\/p>\n<ul class=\"list-unstyled\" data-start=\"1868\" data-end=\"2359\">\n<li data-start=\"1868\" data-end=\"1995\">Dos postes de soporte y un soporte de montaje para monitor con una placa de liberaci\u00f3n r\u00e1pida compatible con la mayor\u00eda de los monitores est\u00e1ndar<\/li>\n<li data-start=\"1996\" data-end=\"2096\">Un receptor deslizante estilo OTAN\/Manfrotto que permite colocar con precisi\u00f3n el monitor a lo largo de la barra<\/li>\n<li data-start=\"2097\" data-end=\"2219\">Soporte de monitor con inclinaci\u00f3n total, giro panor\u00e1mico y rotaci\u00f3n instant\u00e1nea de 90\u00b0 para transiciones fluidas entre la monitorizaci\u00f3n horizontal y vertical<\/li>\n<li data-start=\"2220\" data-end=\"2359\">Una mesa auxiliar plegable con soporte est\u00e1ndar IGT, que proporciona espacio de trabajo adicional y la posibilidad de intercambiar otros insertos compatibles con IGT<\/li>\n<li>Un ra\u00edl Speed Rail de 50 mm para montar accesorios como el Baby Pin, el sistema de almacenamiento del tr\u00edpode, la base Stedicam, etc.<\/li>\n<\/ul>\n<p data-start=\"2361\" data-end=\"2596\">Desde servir como centro de mando para concentrarse hasta ser un compa\u00f1ero de aventuras al aire libre, la Tilta Boulder es tu soluci\u00f3n para ir a cualquier parte y hacer cualquier cosa, disponible como modelo b\u00e1sico flexible o como Kit Indie con todas las funciones.<\/p>\n<\/div>\n","protected":false},"excerpt":{"rendered":"<p>Presentamos el carro para c\u00e1mara Tilta Boulder y el kit Indie El carro para c\u00e1mara Tilta Boulder es una estaci\u00f3n de trabajo robusta y port\u00e1til construida para satisfacer las demandas de cineastas profesionales, t\u00e9cnicos y aficionados al bricolaje por igual. [&hellip;]<\/p>\n","protected":false},"featured_media":2845395,"comment_status":"open","ping_status":"closed","template":"","meta":[],"product_cat":[4225],"product_tag":[],"acf":[],"gallery_images":[2845407,2845431,2845438,2845461,2845453],"_links":{"self":[{"href":"https:\/\/eu.tilta.com\/es\/wp-json\/wp\/v2\/product\/3136619"}],"collection":[{"href":"https:\/\/eu.tilta.com\/es\/wp-json\/wp\/v2\/product"}],"about":[{"href":"https:\/\/eu.tilta.com\/es\/wp-json\/wp\/v2\/types\/product"}],"replies":[{"embeddable":true,"href":"https:\/\/eu.tilta.com\/es\/wp-json\/wp\/v2\/comments?post=3136619"}],"wp:featuredmedia":[{"embeddable":true,"href":"https:\/\/eu.tilta.com\/es\/wp-json\/wp\/v2\/media\/2845395"}],"wp:attachment":[{"href":"https:\/\/eu.tilta.com\/es\/wp-json\/wp\/v2\/media?parent=3136619"}],"wp:term":[{"taxonomy":"product_cat","embeddable":true,"href":"https:\/\/eu.tilta.com\/es\/wp-json\/wp\/v2\/product_cat?post=3136619"},{"taxonomy":"product_tag","embeddable":true,"href":"https:\/\/eu.tilta.com\/es\/wp-json\/wp\/v2\/product_tag?post=3136619"}],"curies":[{"name":"wp","href":"https:\/\/api.w.org\/{rel}","templated":true}]}}