{"id":3136633,"date":"2025-09-11T05:52:51","date_gmt":"2025-09-11T03:52:51","guid":{"rendered":"https:\/\/eu.tilta.com\/shop\/soporte-de-tripode-para-carro-de-camara-boulder-negro\/"},"modified":"2026-04-15T04:02:20","modified_gmt":"2026-04-15T02:02:20","slug":"tripod-holder-for-boulder-camera-cart-black","status":"publish","type":"product","link":"https:\/\/eu.tilta.com\/es\/shop\/tripod-holder-for-boulder-camera-cart-black\/","title":{"rendered":"Soporte de tr\u00edpode para carro de c\u00e1mara Boulder &#8211; Negro"},"content":{"rendered":"<div class=\"overview-text\">\n<p><em>Presentamos el Soporte de Tr\u00edpode para el Carro de C\u00e1mara Boulder<\/em><\/p>\n<p>Este soporte para patas de tr\u00edpode utiliza una conexi\u00f3n basada en abrazaderas en la base de Steadicam para el carro de c\u00e1mara Boulder.<\/p>\n<p>Esto permite a los usuarios montar las patas del tr\u00edpode directamente en el carro de la c\u00e1mara.<\/p>\n<p>La altura de este accesorio puede ajustarse para adaptarse a una serie de patas de tr\u00edpode de longitudes diferentes.<\/p>\n<\/div>\n","protected":false},"excerpt":{"rendered":"<p>Presentamos el Soporte de Tr\u00edpode para el Carro de C\u00e1mara Boulder Este soporte para patas de tr\u00edpode utiliza una conexi\u00f3n basada en abrazaderas en la base de Steadicam para el carro de c\u00e1mara Boulder. Esto permite a los usuarios montar [&hellip;]<\/p>\n","protected":false},"featured_media":2844846,"comment_status":"open","ping_status":"closed","template":"","meta":[],"product_cat":[4225],"product_tag":[],"acf":[],"gallery_images":[2844839],"_links":{"self":[{"href":"https:\/\/eu.tilta.com\/es\/wp-json\/wp\/v2\/product\/3136633"}],"collection":[{"href":"https:\/\/eu.tilta.com\/es\/wp-json\/wp\/v2\/product"}],"about":[{"href":"https:\/\/eu.tilta.com\/es\/wp-json\/wp\/v2\/types\/product"}],"replies":[{"embeddable":true,"href":"https:\/\/eu.tilta.com\/es\/wp-json\/wp\/v2\/comments?post=3136633"}],"wp:featuredmedia":[{"embeddable":true,"href":"https:\/\/eu.tilta.com\/es\/wp-json\/wp\/v2\/media\/2844846"}],"wp:attachment":[{"href":"https:\/\/eu.tilta.com\/es\/wp-json\/wp\/v2\/media?parent=3136633"}],"wp:term":[{"taxonomy":"product_cat","embeddable":true,"href":"https:\/\/eu.tilta.com\/es\/wp-json\/wp\/v2\/product_cat?post=3136633"},{"taxonomy":"product_tag","embeddable":true,"href":"https:\/\/eu.tilta.com\/es\/wp-json\/wp\/v2\/product_tag?post=3136633"}],"curies":[{"name":"wp","href":"https:\/\/api.w.org\/{rel}","templated":true}]}}