{"id":3136634,"date":"2025-09-11T05:59:40","date_gmt":"2025-09-11T03:59:40","guid":{"rendered":"https:\/\/eu.tilta.com\/shop\/cajon-superior-con-cerradura-para-carro-de-camara-boulder-negro\/"},"modified":"2026-04-15T04:02:21","modified_gmt":"2026-04-15T02:02:21","slug":"top-drawer-with-lock-for-boulder-camera-cart-black","status":"publish","type":"product","link":"https:\/\/eu.tilta.com\/es\/shop\/top-drawer-with-lock-for-boulder-camera-cart-black\/","title":{"rendered":"Caj\u00f3n superior con cerradura para carro de c\u00e1mara Boulder &#8211; Negro"},"content":{"rendered":"<div class=\"overview-text\">\n<p><em>Presentamos el caj\u00f3n superior con cerradura para el carro de c\u00e1maras Boulder  <\/em><\/p>\n<p>Este caj\u00f3n superior puede instalarse en la parte inferior del estante superior <a href=\"https:\/\/eu.tilta.com\/shop\/tilta-boulder-camera-cart\/\">del carro para c\u00e1maras Boulder<\/a>.<\/p>\n<p>Una vez montado, los usuarios pueden abrir y cerrar el caj\u00f3n para guardar accesorios m\u00e1s peque\u00f1os u objetos m\u00e1s valiosos.<\/p>\n<p>El candado integrado permite a los usuarios proteger objetos de valor como discos duros u objetos personales cuando se alejan del carro.<\/p>\n<\/div>\n","protected":false},"excerpt":{"rendered":"<p>Presentamos el caj\u00f3n superior con cerradura para el carro de c\u00e1maras Boulder Este caj\u00f3n superior puede instalarse en la parte inferior del estante superior del carro para c\u00e1maras Boulder. Una vez montado, los usuarios pueden abrir y cerrar el caj\u00f3n [&hellip;]<\/p>\n","protected":false},"featured_media":2844897,"comment_status":"open","ping_status":"closed","template":"","meta":[],"product_cat":[4225],"product_tag":[],"acf":[],"gallery_images":[2844884],"_links":{"self":[{"href":"https:\/\/eu.tilta.com\/es\/wp-json\/wp\/v2\/product\/3136634"}],"collection":[{"href":"https:\/\/eu.tilta.com\/es\/wp-json\/wp\/v2\/product"}],"about":[{"href":"https:\/\/eu.tilta.com\/es\/wp-json\/wp\/v2\/types\/product"}],"replies":[{"embeddable":true,"href":"https:\/\/eu.tilta.com\/es\/wp-json\/wp\/v2\/comments?post=3136634"}],"wp:featuredmedia":[{"embeddable":true,"href":"https:\/\/eu.tilta.com\/es\/wp-json\/wp\/v2\/media\/2844897"}],"wp:attachment":[{"href":"https:\/\/eu.tilta.com\/es\/wp-json\/wp\/v2\/media?parent=3136634"}],"wp:term":[{"taxonomy":"product_cat","embeddable":true,"href":"https:\/\/eu.tilta.com\/es\/wp-json\/wp\/v2\/product_cat?post=3136634"},{"taxonomy":"product_tag","embeddable":true,"href":"https:\/\/eu.tilta.com\/es\/wp-json\/wp\/v2\/product_tag?post=3136634"}],"curies":[{"name":"wp","href":"https:\/\/api.w.org\/{rel}","templated":true}]}}