{"id":3136641,"date":"2025-09-11T05:49:18","date_gmt":"2025-09-11T03:49:18","guid":{"rendered":"https:\/\/eu.tilta.com\/shop\/soporte-para-pinza-de-bebe-de-alta-resistencia-para-carro-de-camara-boulder-plata\/"},"modified":"2026-04-15T04:02:24","modified_gmt":"2026-04-15T02:02:24","slug":"heavy-duty-baby-pin-stand-for-boulder-camera-cart-silver","status":"publish","type":"product","link":"https:\/\/eu.tilta.com\/es\/shop\/heavy-duty-baby-pin-stand-for-boulder-camera-cart-silver\/","title":{"rendered":"Soporte para pinza de beb\u00e9 de alta resistencia para carro de c\u00e1mara Boulder &#8211; Plata"},"content":{"rendered":"<div class=\"overview-text\">\n<p><em>Presentamos el soporte de pinza para beb\u00e9s de alta resistencia para el carro de c\u00e1mara Boulder<\/em><\/p>\n<p>Este soporte de alta resistencia se monta en cualquiera de las cuatro esquinas de la bandeja superior del carro para c\u00e1mara Boulder.<\/p>\n<p>Se puede instalar sin herramientas, lo que hace que sea r\u00e1pido de colocar o quitar<\/p>\n<p>El Baby Pin de la parte superior permite a los usuarios montar accesorios compatibles, como monitores, soportes de expansi\u00f3n o luces LED para utilizarlas como luces de trabajo.<\/p>\n<p>La altura del soporte es ajustable, lo que permite a los usuarios subirlo y bajarlo seg\u00fan sea necesario.<\/p>\n<p>Esta versi\u00f3n de alta resistencia es perfecta para accesorios m\u00e1s grandes en posiciones m\u00e1s elevadas, pero aun as\u00ed se recomienda tener precauci\u00f3n al utilizar este soporte.<\/p>\n<\/div>\n","protected":false},"excerpt":{"rendered":"<p>Presentamos el soporte de pinza para beb\u00e9s de alta resistencia para el carro de c\u00e1mara Boulder Este soporte de alta resistencia se monta en cualquiera de las cuatro esquinas de la bandeja superior del carro para c\u00e1mara Boulder. Se puede [&hellip;]<\/p>\n","protected":false},"featured_media":2844798,"comment_status":"open","ping_status":"closed","template":"","meta":[],"product_cat":[4225],"product_tag":[],"acf":[],"gallery_images":[2844792],"_links":{"self":[{"href":"https:\/\/eu.tilta.com\/es\/wp-json\/wp\/v2\/product\/3136641"}],"collection":[{"href":"https:\/\/eu.tilta.com\/es\/wp-json\/wp\/v2\/product"}],"about":[{"href":"https:\/\/eu.tilta.com\/es\/wp-json\/wp\/v2\/types\/product"}],"replies":[{"embeddable":true,"href":"https:\/\/eu.tilta.com\/es\/wp-json\/wp\/v2\/comments?post=3136641"}],"wp:featuredmedia":[{"embeddable":true,"href":"https:\/\/eu.tilta.com\/es\/wp-json\/wp\/v2\/media\/2844798"}],"wp:attachment":[{"href":"https:\/\/eu.tilta.com\/es\/wp-json\/wp\/v2\/media?parent=3136641"}],"wp:term":[{"taxonomy":"product_cat","embeddable":true,"href":"https:\/\/eu.tilta.com\/es\/wp-json\/wp\/v2\/product_cat?post=3136641"},{"taxonomy":"product_tag","embeddable":true,"href":"https:\/\/eu.tilta.com\/es\/wp-json\/wp\/v2\/product_tag?post=3136641"}],"curies":[{"name":"wp","href":"https:\/\/api.w.org\/{rel}","templated":true}]}}