{"id":3136752,"date":"2025-09-11T05:34:27","date_gmt":"2025-09-11T03:34:27","guid":{"rendered":"https:\/\/eu.tilta.com\/shop\/soporte-de-montaje-de-monitor-para-carro-de-camara-boulder-negro\/"},"modified":"2026-04-15T04:02:26","modified_gmt":"2026-04-15T02:02:26","slug":"monitor-mounting-bracket-for-boulder-camera-cart-black","status":"publish","type":"product","link":"https:\/\/eu.tilta.com\/es\/shop\/monitor-mounting-bracket-for-boulder-camera-cart-black\/","title":{"rendered":"Soporte de montaje de monitor para carro de c\u00e1mara Boulder &#8211; Negro"},"content":{"rendered":"<div class=\"overview-text\">\n<p><em>Presentamos el Soporte de Montaje de Monitor para el Carro de C\u00e1mara Boulder<\/em><\/p>\n<p>Este soporte est\u00e1 dise\u00f1ado para ajustarse a la mayor\u00eda de los monitores de ordenador o de producci\u00f3n est\u00e1ndar mediante una placa de liberaci\u00f3n r\u00e1pida de estilo v-lock.<\/p>\n<p>Una vez fijada esta placa, el propio soporte puede deslizarse y bloquearse en el poste de soporte del carro de la c\u00e1mara Boulder.<\/p>\n<p>La placa de liberaci\u00f3n r\u00e1pida es compatible con VESA y admite patrones de montaje de 100 x 100 mm y 75 x 75 mm para monitores que pesen hasta 55 libras, lo que la hace universalmente compatible con una amplia gama de pantallas profesionales.<\/p>\n<p>Con tensi\u00f3n ajustable, este soporte permite inclinar y girar el monitor, al tiempo que dispone de una palanca de liberaci\u00f3n r\u00e1pida para girarlo 90 grados.<\/p>\n<p>Este Soporte se monta mediante una abrazadera basada en un tornillo basculante, lo que permite montarlo o desmontarlo r\u00e1pidamente y tambi\u00e9n se puede ajustar en altura.<\/p>\n<\/div>\n","protected":false},"excerpt":{"rendered":"<p>Presentamos el Soporte de Montaje de Monitor para el Carro de C\u00e1mara Boulder Este soporte est\u00e1 dise\u00f1ado para ajustarse a la mayor\u00eda de los monitores de ordenador o de producci\u00f3n est\u00e1ndar mediante una placa de liberaci\u00f3n r\u00e1pida de estilo v-lock. [&hellip;]<\/p>\n","protected":false},"featured_media":2844536,"comment_status":"open","ping_status":"closed","template":"","meta":[],"product_cat":[4225],"product_tag":[],"acf":[],"gallery_images":[2844525],"_links":{"self":[{"href":"https:\/\/eu.tilta.com\/es\/wp-json\/wp\/v2\/product\/3136752"}],"collection":[{"href":"https:\/\/eu.tilta.com\/es\/wp-json\/wp\/v2\/product"}],"about":[{"href":"https:\/\/eu.tilta.com\/es\/wp-json\/wp\/v2\/types\/product"}],"replies":[{"embeddable":true,"href":"https:\/\/eu.tilta.com\/es\/wp-json\/wp\/v2\/comments?post=3136752"}],"wp:featuredmedia":[{"embeddable":true,"href":"https:\/\/eu.tilta.com\/es\/wp-json\/wp\/v2\/media\/2844536"}],"wp:attachment":[{"href":"https:\/\/eu.tilta.com\/es\/wp-json\/wp\/v2\/media?parent=3136752"}],"wp:term":[{"taxonomy":"product_cat","embeddable":true,"href":"https:\/\/eu.tilta.com\/es\/wp-json\/wp\/v2\/product_cat?post=3136752"},{"taxonomy":"product_tag","embeddable":true,"href":"https:\/\/eu.tilta.com\/es\/wp-json\/wp\/v2\/product_tag?post=3136752"}],"curies":[{"name":"wp","href":"https:\/\/api.w.org\/{rel}","templated":true}]}}