{"id":3136757,"date":"2025-09-11T05:30:06","date_gmt":"2025-09-11T03:30:06","guid":{"rendered":"https:\/\/eu.tilta.com\/shop\/base-para-steadicam-para-carro-de-camara-boulder-negro\/"},"modified":"2026-04-15T04:02:28","modified_gmt":"2026-04-15T02:02:28","slug":"steadicam-dock-for-boulder-camera-cart-black","status":"publish","type":"product","link":"https:\/\/eu.tilta.com\/es\/shop\/steadicam-dock-for-boulder-camera-cart-black\/","title":{"rendered":"Base para Steadicam para carro de c\u00e1mara Boulder &#8211; Negro"},"content":{"rendered":"<div class=\"overview-text\">\n<p><em>Presentamos la Base para Steadicam para el Carro de C\u00e1mara Boulder<\/em><\/p>\n<p>Este accesorio se monta a ambos lados del carro de la c\u00e1mara mediante dos abrazaderas de montaje.<\/p>\n<p>Una vez instaladas estas abrazaderas, los usuarios pueden abrirlas y bloquearlas con un tornillo basculante grande, lo que permite montar la base de la steadicam sin necesidad de herramientas.<\/p>\n<p>La base funciona de forma similar a un soporte de luz con un pasador para beb\u00e9s en la parte superior.<\/p>\n<p>La posici\u00f3n sobre el carro lo hace ideal para equilibrar steadicams y otros sistemas de soporte similares, ya que proporciona espacio m\u00e1s que suficiente para equilibrar y girar el aparejo seg\u00fan sea necesario.<\/p>\n<p>La altura ajustable de este adaptador permite acomodar equipos de distintos tama\u00f1os, al tiempo que resulta \u00fatil para otros accesorios, como peque\u00f1as luces LED o incluso monitores con el soporte adecuado.<\/p>\n<\/div>\n","protected":false},"excerpt":{"rendered":"<p>Presentamos la Base para Steadicam para el Carro de C\u00e1mara Boulder Este accesorio se monta a ambos lados del carro de la c\u00e1mara mediante dos abrazaderas de montaje. Una vez instaladas estas abrazaderas, los usuarios pueden abrirlas y bloquearlas con [&hellip;]<\/p>\n","protected":false},"featured_media":2844450,"comment_status":"open","ping_status":"closed","template":"","meta":[],"product_cat":[4225],"product_tag":[],"acf":[],"gallery_images":[2844444],"_links":{"self":[{"href":"https:\/\/eu.tilta.com\/es\/wp-json\/wp\/v2\/product\/3136757"}],"collection":[{"href":"https:\/\/eu.tilta.com\/es\/wp-json\/wp\/v2\/product"}],"about":[{"href":"https:\/\/eu.tilta.com\/es\/wp-json\/wp\/v2\/types\/product"}],"replies":[{"embeddable":true,"href":"https:\/\/eu.tilta.com\/es\/wp-json\/wp\/v2\/comments?post=3136757"}],"wp:featuredmedia":[{"embeddable":true,"href":"https:\/\/eu.tilta.com\/es\/wp-json\/wp\/v2\/media\/2844450"}],"wp:attachment":[{"href":"https:\/\/eu.tilta.com\/es\/wp-json\/wp\/v2\/media?parent=3136757"}],"wp:term":[{"taxonomy":"product_cat","embeddable":true,"href":"https:\/\/eu.tilta.com\/es\/wp-json\/wp\/v2\/product_cat?post=3136757"},{"taxonomy":"product_tag","embeddable":true,"href":"https:\/\/eu.tilta.com\/es\/wp-json\/wp\/v2\/product_tag?post=3136757"}],"curies":[{"name":"wp","href":"https:\/\/api.w.org\/{rel}","templated":true}]}}