{"id":3136759,"date":"2025-09-11T04:34:11","date_gmt":"2025-09-11T02:34:11","guid":{"rendered":"https:\/\/eu.tilta.com\/shop\/gancho-compacto-para-carro-de-camara-boulder-negro\/"},"modified":"2026-04-15T04:02:32","modified_gmt":"2026-04-15T02:02:32","slug":"compact-hook-for-boulder-camera-cart-black","status":"publish","type":"product","link":"https:\/\/eu.tilta.com\/es\/shop\/compact-hook-for-boulder-camera-cart-black\/","title":{"rendered":"Gancho compacto para carro de c\u00e1mara Boulder &#8211; Negro"},"content":{"rendered":"<div class=\"overview-text\">\n<p data-start=\"640\" data-end=\"707\">Presentamos el Gancho Compacto para Carro de C\u00e1mara Boulder &#8211; Negro.<\/p>\n<p data-start=\"709\" data-end=\"1008\">Este gancho minimalista pero pr\u00e1ctico se monta directamente en el lateral de las bandejas del carro para c\u00e1mara Boulder, ofreciendo un c\u00f3modo punto de anclaje para colgar herramientas y accesorios. Su dise\u00f1o de perfil bajo permite a los usuarios liberar un valioso espacio en la bandeja, a la vez que mantienen el material esencial al alcance de la mano.<\/p>\n<p data-start=\"1010\" data-end=\"1263\">Construido con metal duradero, el Gancho Compacto es lo bastante resistente como para sujetar objetos pesados, al tiempo que mantiene un aspecto limpio y aerodin\u00e1mico. Su sencilla instalaci\u00f3n hace que sea f\u00e1cil a\u00f1adir varios ganchos alrededor del carrito para una organizaci\u00f3n a\u00fan mayor.<\/p>\n<\/div>\n","protected":false},"excerpt":{"rendered":"<p>Presentamos el Gancho Compacto para Carro de C\u00e1mara Boulder &#8211; Negro. Este gancho minimalista pero pr\u00e1ctico se monta directamente en el lateral de las bandejas del carro para c\u00e1mara Boulder, ofreciendo un c\u00f3modo punto de anclaje para colgar herramientas y [&hellip;]<\/p>\n","protected":false},"featured_media":2843827,"comment_status":"open","ping_status":"closed","template":"","meta":[],"product_cat":[4225],"product_tag":[],"acf":[],"gallery_images":[2843821],"_links":{"self":[{"href":"https:\/\/eu.tilta.com\/es\/wp-json\/wp\/v2\/product\/3136759"}],"collection":[{"href":"https:\/\/eu.tilta.com\/es\/wp-json\/wp\/v2\/product"}],"about":[{"href":"https:\/\/eu.tilta.com\/es\/wp-json\/wp\/v2\/types\/product"}],"replies":[{"embeddable":true,"href":"https:\/\/eu.tilta.com\/es\/wp-json\/wp\/v2\/comments?post=3136759"}],"wp:featuredmedia":[{"embeddable":true,"href":"https:\/\/eu.tilta.com\/es\/wp-json\/wp\/v2\/media\/2843827"}],"wp:attachment":[{"href":"https:\/\/eu.tilta.com\/es\/wp-json\/wp\/v2\/media?parent=3136759"}],"wp:term":[{"taxonomy":"product_cat","embeddable":true,"href":"https:\/\/eu.tilta.com\/es\/wp-json\/wp\/v2\/product_cat?post=3136759"},{"taxonomy":"product_tag","embeddable":true,"href":"https:\/\/eu.tilta.com\/es\/wp-json\/wp\/v2\/product_tag?post=3136759"}],"curies":[{"name":"wp","href":"https:\/\/api.w.org\/{rel}","templated":true}]}}