{"id":3136760,"date":"2025-09-11T05:42:31","date_gmt":"2025-09-11T03:42:31","guid":{"rendered":"https:\/\/eu.tilta.com\/shop\/modulo-de-expansion-exterior-igt-para-carro-de-camaras-boulder-negro\/"},"modified":"2026-04-15T04:02:33","modified_gmt":"2026-04-15T02:02:33","slug":"igt-outdoor-expansion-module-for-boulder-camera-cart-black","status":"publish","type":"product","link":"https:\/\/eu.tilta.com\/es\/shop\/igt-outdoor-expansion-module-for-boulder-camera-cart-black\/","title":{"rendered":"M\u00f3dulo de expansi\u00f3n exterior IGT para carro de c\u00e1maras Boulder &#8211; Negro"},"content":{"rendered":"<p><em>Presentamos el M\u00f3dulo de Expansi\u00f3n Exterior IGT para el Carro de C\u00e1maras Boulder  <\/em><\/p>\n<p>Este M\u00f3dulo de Expansi\u00f3n estilo Mesa Lateral se monta en el lateral del Carro de C\u00e1mara Boulder mediante dos conexiones basadas en abrazaderas.<\/p>\n<p>Una vez fijado a las patas del carro, el M\u00f3dulo puede plegarse hacia arriba o hacia abajo r\u00e1pidamente.<\/p>\n<p>La propia mesa auxiliar presenta un recorte est\u00e1ndar IGT compatible con los insertos est\u00e1ndar IGT.<\/p>\n<p>Esto significa que, adem\u00e1s de utilizar una mesa normal, los usuarios tambi\u00e9n pueden utilizar insertos IGT m\u00e1s especializados, como peque\u00f1as cestas, tablas de cortar o incluso encimeras de cocina de gas.<\/p>\n<p>El M\u00f3dulo puede instalarse sin herramientas, lo que hace que sea r\u00e1pido de poner o quitar, y puede montarse a distintas alturas en las patas del carro.<\/p>\n","protected":false},"excerpt":{"rendered":"<p>Presentamos el M\u00f3dulo de Expansi\u00f3n Exterior IGT para el Carro de C\u00e1maras Boulder Este M\u00f3dulo de Expansi\u00f3n estilo Mesa Lateral se monta en el lateral del Carro de C\u00e1mara Boulder mediante dos conexiones basadas en abrazaderas. Una vez fijado a [&hellip;]<\/p>\n","protected":false},"featured_media":2844629,"comment_status":"open","ping_status":"closed","template":"","meta":[],"product_cat":[4225],"product_tag":[],"acf":[],"gallery_images":[2844623],"_links":{"self":[{"href":"https:\/\/eu.tilta.com\/es\/wp-json\/wp\/v2\/product\/3136760"}],"collection":[{"href":"https:\/\/eu.tilta.com\/es\/wp-json\/wp\/v2\/product"}],"about":[{"href":"https:\/\/eu.tilta.com\/es\/wp-json\/wp\/v2\/types\/product"}],"replies":[{"embeddable":true,"href":"https:\/\/eu.tilta.com\/es\/wp-json\/wp\/v2\/comments?post=3136760"}],"wp:featuredmedia":[{"embeddable":true,"href":"https:\/\/eu.tilta.com\/es\/wp-json\/wp\/v2\/media\/2844629"}],"wp:attachment":[{"href":"https:\/\/eu.tilta.com\/es\/wp-json\/wp\/v2\/media?parent=3136760"}],"wp:term":[{"taxonomy":"product_cat","embeddable":true,"href":"https:\/\/eu.tilta.com\/es\/wp-json\/wp\/v2\/product_cat?post=3136760"},{"taxonomy":"product_tag","embeddable":true,"href":"https:\/\/eu.tilta.com\/es\/wp-json\/wp\/v2\/product_tag?post=3136760"}],"curies":[{"name":"wp","href":"https:\/\/api.w.org\/{rel}","templated":true}]}}