{"id":3136762,"date":"2025-09-11T05:45:28","date_gmt":"2025-09-11T03:45:28","guid":{"rendered":"https:\/\/eu.tilta.com\/shop\/soporte-ligero-para-pinza-de-bebe-para-carro-de-camara-boulder-negro\/"},"modified":"2026-04-15T04:02:34","modified_gmt":"2026-04-15T02:02:34","slug":"lightweight-baby-pin-stand-for-boulder-camera-cart-black","status":"publish","type":"product","link":"https:\/\/eu.tilta.com\/es\/shop\/lightweight-baby-pin-stand-for-boulder-camera-cart-black\/","title":{"rendered":"Soporte Ligero para Pinza de Beb\u00e9 para Carro de C\u00e1mara Boulder &#8211; Negro"},"content":{"rendered":"<div class=\"overview-text\">\n<p><em>Presentamos el Soporte Ligero para Pinzas de Beb\u00e9 para el Carro de C\u00e1maras Boulder<\/em><\/p>\n<p>Este ligero soporte se monta en cualquiera de las cuatro esquinas de la bandeja superior del carro para c\u00e1mara Boulder.<\/p>\n<p>Se puede instalar sin herramientas, lo que hace que sea r\u00e1pido de colocar o quitar<\/p>\n<p>El Baby Pin de la parte superior permite a los usuarios montar accesorios compatibles, como monitores, soportes de expansi\u00f3n o luces LED para utilizarlas como luces de trabajo.<\/p>\n<p>La altura del soporte es ajustable, lo que permite a los usuarios subirlo y bajarlo seg\u00fan sea necesario.<\/p>\n<p>Esta versi\u00f3n ligera es perfecta para accesorios m\u00e1s peque\u00f1os, pero no est\u00e1 pensada para soportar pesos m\u00e1s elevados en posiciones m\u00e1s altas.<\/p>\n<\/div>\n","protected":false},"excerpt":{"rendered":"<p>Presentamos el Soporte Ligero para Pinzas de Beb\u00e9 para el Carro de C\u00e1maras Boulder Este ligero soporte se monta en cualquiera de las cuatro esquinas de la bandeja superior del carro para c\u00e1mara Boulder. Se puede instalar sin herramientas, lo [&hellip;]<\/p>\n","protected":false},"featured_media":2844671,"comment_status":"open","ping_status":"closed","template":"","meta":[],"product_cat":[4225],"product_tag":[],"acf":[],"gallery_images":[2844660],"_links":{"self":[{"href":"https:\/\/eu.tilta.com\/es\/wp-json\/wp\/v2\/product\/3136762"}],"collection":[{"href":"https:\/\/eu.tilta.com\/es\/wp-json\/wp\/v2\/product"}],"about":[{"href":"https:\/\/eu.tilta.com\/es\/wp-json\/wp\/v2\/types\/product"}],"replies":[{"embeddable":true,"href":"https:\/\/eu.tilta.com\/es\/wp-json\/wp\/v2\/comments?post=3136762"}],"wp:featuredmedia":[{"embeddable":true,"href":"https:\/\/eu.tilta.com\/es\/wp-json\/wp\/v2\/media\/2844671"}],"wp:attachment":[{"href":"https:\/\/eu.tilta.com\/es\/wp-json\/wp\/v2\/media?parent=3136762"}],"wp:term":[{"taxonomy":"product_cat","embeddable":true,"href":"https:\/\/eu.tilta.com\/es\/wp-json\/wp\/v2\/product_cat?post=3136762"},{"taxonomy":"product_tag","embeddable":true,"href":"https:\/\/eu.tilta.com\/es\/wp-json\/wp\/v2\/product_tag?post=3136762"}],"curies":[{"name":"wp","href":"https:\/\/api.w.org\/{rel}","templated":true}]}}