{"id":3136772,"date":"2025-09-11T05:21:18","date_gmt":"2025-09-11T03:21:18","guid":{"rendered":"https:\/\/eu.tilta.com\/shop\/kit-de-doble-placa-igt-para-carro-de-camara-boulder-negro\/"},"modified":"2026-04-15T04:02:36","modified_gmt":"2026-04-15T02:02:36","slug":"dual-igt-plate-kit-for-boulder-camera-cart-black","status":"publish","type":"product","link":"https:\/\/eu.tilta.com\/es\/shop\/dual-igt-plate-kit-for-boulder-camera-cart-black\/","title":{"rendered":"Kit de doble placa IGT para carro de c\u00e1mara Boulder &#8211; Negro"},"content":{"rendered":"<div class=\"overview-text\">\n<p><em>Presentamos el Kit de Doble Placa IGT para el Carro con C\u00e1mara Boulder<\/em><\/p>\n<p>Esta Placa IGT cubre el tama\u00f1o completo del M\u00f3dulo de Expansi\u00f3n Exterior IGT para el Carro de C\u00e1maras Boulder.<\/p>\n<p>Se puede colocar y retirar sin herramientas.<\/p>\n<p>La peque\u00f1a leng\u00fceta de la parte posterior se puede ajustar para bloquear la placa en su sitio.<\/p>\n<p>Esto significa que los usuarios pueden bajar la mesa lateral del carro sin que esta placa se caiga.<\/p>\n<\/div>\n","protected":false},"excerpt":{"rendered":"<p>Presentamos el Kit de Doble Placa IGT para el Carro con C\u00e1mara Boulder Esta Placa IGT cubre el tama\u00f1o completo del M\u00f3dulo de Expansi\u00f3n Exterior IGT para el Carro de C\u00e1maras Boulder. Se puede colocar y retirar sin herramientas. La [&hellip;]<\/p>\n","protected":false},"featured_media":2844357,"comment_status":"open","ping_status":"closed","template":"","meta":[],"product_cat":[4225],"product_tag":[],"acf":[],"gallery_images":[2844351],"_links":{"self":[{"href":"https:\/\/eu.tilta.com\/es\/wp-json\/wp\/v2\/product\/3136772"}],"collection":[{"href":"https:\/\/eu.tilta.com\/es\/wp-json\/wp\/v2\/product"}],"about":[{"href":"https:\/\/eu.tilta.com\/es\/wp-json\/wp\/v2\/types\/product"}],"replies":[{"embeddable":true,"href":"https:\/\/eu.tilta.com\/es\/wp-json\/wp\/v2\/comments?post=3136772"}],"wp:featuredmedia":[{"embeddable":true,"href":"https:\/\/eu.tilta.com\/es\/wp-json\/wp\/v2\/media\/2844357"}],"wp:attachment":[{"href":"https:\/\/eu.tilta.com\/es\/wp-json\/wp\/v2\/media?parent=3136772"}],"wp:term":[{"taxonomy":"product_cat","embeddable":true,"href":"https:\/\/eu.tilta.com\/es\/wp-json\/wp\/v2\/product_cat?post=3136772"},{"taxonomy":"product_tag","embeddable":true,"href":"https:\/\/eu.tilta.com\/es\/wp-json\/wp\/v2\/product_tag?post=3136772"}],"curies":[{"name":"wp","href":"https:\/\/api.w.org\/{rel}","templated":true}]}}