{"id":3136773,"date":"2025-09-11T05:25:36","date_gmt":"2025-09-11T03:25:36","guid":{"rendered":"https:\/\/eu.tilta.com\/shop\/pata-de-soporte-para-carro-de-camara-boulder-pareja-negro\/"},"modified":"2026-04-15T04:02:37","modified_gmt":"2026-04-15T02:02:37","slug":"support-leg-for-boulder-camera-cart-pair-black","status":"publish","type":"product","link":"https:\/\/eu.tilta.com\/es\/shop\/support-leg-for-boulder-camera-cart-pair-black\/","title":{"rendered":"Pata de Soporte para Carro de C\u00e1mara Boulder (Pareja) &#8211; Negro"},"content":{"rendered":"<div class=\"overview-text\">\n<p><em>Presentamos la pata de apoyo para el carro de c\u00e1mara Boulder  <\/em><\/p>\n<p>Estas patas de soporte se montan en cualquiera de los postes de soporte del carro de la c\u00e1mara.<\/p>\n<p>Se pueden ajustar a diferentes alturas, lo que les permite apoyarse justo en el suelo.<\/p>\n<p>Cuando sea necesario, pueden bajarse para que hagan pleno contacto con el suelo y sujeten mejor el carro.<\/p>\n<p>Esto es ideal para montajes en los que el carro se utilizar\u00e1 durante un periodo de tiempo m\u00e1s largo en un mismo lugar.<\/p>\n<p>Es especialmente \u00fatil para sostener accesorios m\u00e1s grandes, como nuestro Paraguas Boulder de gran tama\u00f1o.<\/p>\n<\/div>\n","protected":false},"excerpt":{"rendered":"<p>Presentamos la pata de apoyo para el carro de c\u00e1mara Boulder Estas patas de soporte se montan en cualquiera de los postes de soporte del carro de la c\u00e1mara. Se pueden ajustar a diferentes alturas, lo que les permite apoyarse [&hellip;]<\/p>\n","protected":false},"featured_media":2844402,"comment_status":"open","ping_status":"closed","template":"","meta":[],"product_cat":[4494,4225],"product_tag":[],"acf":[],"gallery_images":[2844396],"_links":{"self":[{"href":"https:\/\/eu.tilta.com\/es\/wp-json\/wp\/v2\/product\/3136773"}],"collection":[{"href":"https:\/\/eu.tilta.com\/es\/wp-json\/wp\/v2\/product"}],"about":[{"href":"https:\/\/eu.tilta.com\/es\/wp-json\/wp\/v2\/types\/product"}],"replies":[{"embeddable":true,"href":"https:\/\/eu.tilta.com\/es\/wp-json\/wp\/v2\/comments?post=3136773"}],"wp:featuredmedia":[{"embeddable":true,"href":"https:\/\/eu.tilta.com\/es\/wp-json\/wp\/v2\/media\/2844402"}],"wp:attachment":[{"href":"https:\/\/eu.tilta.com\/es\/wp-json\/wp\/v2\/media?parent=3136773"}],"wp:term":[{"taxonomy":"product_cat","embeddable":true,"href":"https:\/\/eu.tilta.com\/es\/wp-json\/wp\/v2\/product_cat?post=3136773"},{"taxonomy":"product_tag","embeddable":true,"href":"https:\/\/eu.tilta.com\/es\/wp-json\/wp\/v2\/product_tag?post=3136773"}],"curies":[{"name":"wp","href":"https:\/\/api.w.org\/{rel}","templated":true}]}}