{"id":3136792,"date":"2025-09-11T05:11:01","date_gmt":"2025-09-11T03:11:01","guid":{"rendered":"https:\/\/eu.tilta.com\/shop\/rotula-esferica-de-75-100-mm-para-carro-de-camara-boulder-negro\/"},"modified":"2026-04-15T04:02:45","modified_gmt":"2026-04-15T02:02:45","slug":"75-100mm-fluid-head-ball-mount-for-boulder-camera-cart-black","status":"publish","type":"product","link":"https:\/\/eu.tilta.com\/es\/shop\/75-100mm-fluid-head-ball-mount-for-boulder-camera-cart-black\/","title":{"rendered":"R\u00f3tula esf\u00e9rica de 75\/100 mm para carro de c\u00e1mara Boulder &#8211; Negro"},"content":{"rendered":"<div class=\"overview-text\">\n<p><em>Presentamos la r\u00f3tula esf\u00e9rica de 75\/100 mm para el carro de c\u00e1mara Boulder  <\/em><\/p>\n<p>Esta r\u00f3tula de bola de cabeza fluida utiliza una conexi\u00f3n basada en abrazadera en la base Steadicam para carro de c\u00e1mara Boulder.<\/p>\n<p>Esto permite a los usuarios montar su R\u00f3tula de 75 mm o 100 mm mediante un adaptador de rosca extra\u00edble de 75 mm.<\/p>\n<p>La altura de este accesorio se puede ajustar y puede girar, lo que facilita el acceso al amarre de la parte inferior de la cabeza de tu tr\u00edpode.<\/p>\n<\/div>\n","protected":false},"excerpt":{"rendered":"<p>Presentamos la r\u00f3tula esf\u00e9rica de 75\/100 mm para el carro de c\u00e1mara Boulder Esta r\u00f3tula de bola de cabeza fluida utiliza una conexi\u00f3n basada en abrazadera en la base Steadicam para carro de c\u00e1mara Boulder. Esto permite a los usuarios [&hellip;]<\/p>\n","protected":false},"featured_media":2844167,"comment_status":"open","ping_status":"closed","template":"","meta":[],"product_cat":[4225],"product_tag":[],"acf":[],"gallery_images":[2844161],"_links":{"self":[{"href":"https:\/\/eu.tilta.com\/es\/wp-json\/wp\/v2\/product\/3136792"}],"collection":[{"href":"https:\/\/eu.tilta.com\/es\/wp-json\/wp\/v2\/product"}],"about":[{"href":"https:\/\/eu.tilta.com\/es\/wp-json\/wp\/v2\/types\/product"}],"replies":[{"embeddable":true,"href":"https:\/\/eu.tilta.com\/es\/wp-json\/wp\/v2\/comments?post=3136792"}],"wp:featuredmedia":[{"embeddable":true,"href":"https:\/\/eu.tilta.com\/es\/wp-json\/wp\/v2\/media\/2844167"}],"wp:attachment":[{"href":"https:\/\/eu.tilta.com\/es\/wp-json\/wp\/v2\/media?parent=3136792"}],"wp:term":[{"taxonomy":"product_cat","embeddable":true,"href":"https:\/\/eu.tilta.com\/es\/wp-json\/wp\/v2\/product_cat?post=3136792"},{"taxonomy":"product_tag","embeddable":true,"href":"https:\/\/eu.tilta.com\/es\/wp-json\/wp\/v2\/product_tag?post=3136792"}],"curies":[{"name":"wp","href":"https:\/\/api.w.org\/{rel}","templated":true}]}}