{"id":3136799,"date":"2025-09-11T05:05:48","date_gmt":"2025-09-11T03:05:48","guid":{"rendered":"https:\/\/eu.tilta.com\/shop\/cabeza-de-fluido-de-150-mm-para-carro-de-camara-boulder-negro\/"},"modified":"2026-04-15T04:02:51","modified_gmt":"2026-04-15T02:02:51","slug":"150mm-fluid-head-bowl-mount-for-boulder-camera-cart-black","status":"publish","type":"product","link":"https:\/\/eu.tilta.com\/es\/shop\/150mm-fluid-head-bowl-mount-for-boulder-camera-cart-black\/","title":{"rendered":"Cabeza de Fluido de 150 mm para Carro de C\u00e1mara Boulder &#8211; Negro"},"content":{"rendered":"<div class=\"overview-text\">\n<p>Presentamos la r\u00f3tula de bola de 150 mm para el carro de c\u00e1mara Boulder<\/p>\n<p>Esta r\u00f3tula de bola de cabeza fluida utiliza una conexi\u00f3n basada en abrazadera en la base Steadicam para carro de c\u00e1mara Boulder.<\/p>\n<p>Esto permite a los usuarios montar su R\u00f3tula de 150 mm en el carro de su c\u00e1mara.<\/p>\n<p>La altura de este accesorio se puede ajustar y puede girar, lo que facilita el acceso al amarre de la parte inferior de la cabeza de tu tr\u00edpode.<\/p>\n<\/div>\n","protected":false},"excerpt":{"rendered":"<p>Presentamos la r\u00f3tula de bola de 150 mm para el carro de c\u00e1mara Boulder Esta r\u00f3tula de bola de cabeza fluida utiliza una conexi\u00f3n basada en abrazadera en la base Steadicam para carro de c\u00e1mara Boulder. Esto permite a los [&hellip;]<\/p>\n","protected":false},"featured_media":2844111,"comment_status":"open","ping_status":"closed","template":"","meta":[],"product_cat":[4225],"product_tag":[],"acf":[],"gallery_images":[2844105],"_links":{"self":[{"href":"https:\/\/eu.tilta.com\/es\/wp-json\/wp\/v2\/product\/3136799"}],"collection":[{"href":"https:\/\/eu.tilta.com\/es\/wp-json\/wp\/v2\/product"}],"about":[{"href":"https:\/\/eu.tilta.com\/es\/wp-json\/wp\/v2\/types\/product"}],"replies":[{"embeddable":true,"href":"https:\/\/eu.tilta.com\/es\/wp-json\/wp\/v2\/comments?post=3136799"}],"wp:featuredmedia":[{"embeddable":true,"href":"https:\/\/eu.tilta.com\/es\/wp-json\/wp\/v2\/media\/2844111"}],"wp:attachment":[{"href":"https:\/\/eu.tilta.com\/es\/wp-json\/wp\/v2\/media?parent=3136799"}],"wp:term":[{"taxonomy":"product_cat","embeddable":true,"href":"https:\/\/eu.tilta.com\/es\/wp-json\/wp\/v2\/product_cat?post=3136799"},{"taxonomy":"product_tag","embeddable":true,"href":"https:\/\/eu.tilta.com\/es\/wp-json\/wp\/v2\/product_tag?post=3136799"}],"curies":[{"name":"wp","href":"https:\/\/api.w.org\/{rel}","templated":true}]}}