{"id":3136803,"date":"2025-09-11T04:28:56","date_gmt":"2025-09-11T02:28:56","guid":{"rendered":"https:\/\/eu.tilta.com\/shop\/tablero-de-clavijas-metalico-para-carro-de-camara-boulder-negro\/"},"modified":"2026-04-15T04:02:52","modified_gmt":"2026-04-15T02:02:52","slug":"metal-pegboard-for-boulder-camera-cart-black","status":"publish","type":"product","link":"https:\/\/eu.tilta.com\/es\/shop\/metal-pegboard-for-boulder-camera-cart-black\/","title":{"rendered":"Tablero de clavijas met\u00e1lico para carro de c\u00e1mara Boulder &#8211; Negro"},"content":{"rendered":"<div class=\"overview-text\">\n<p data-start=\"744\" data-end=\"1029\">Presentamos el tablero de clavijas met\u00e1lico para el carro de c\u00e1mara Boulder &#8211; Negro.<br data-start=\"815\" data-end=\"818\">Este vers\u00e1til accesorio se monta directamente en dos ra\u00edles de velocidad de 40 mm mediante el Kit de soporte de montaje de expansi\u00f3n o en un escritorio con el Adaptador de montaje de escritorio para accesorios de carro de c\u00e1mara Boulder (40 mm).<\/p>\n<p data-start=\"1031\" data-end=\"1275\">El tablero de clavijas proporciona una superficie personalizable para colgar herramientas, cables, pinzas y otros equipos utilizando ganchos est\u00e1ndar de 16 mm o 32 mm. Esto facilita tener los objetos esenciales al alcance de la mano, al tiempo que se mantiene una estaci\u00f3n de trabajo limpia y eficiente.<\/p>\n<p data-start=\"1277\" data-end=\"1488\">A diferencia de las baldas fijas, el tablero de clavijas ayuda a maximizar el espacio vertical, permitiendo a los usuarios organizar las herramientas y accesorios m\u00e1s peque\u00f1os fuera de la zona de la bandeja principal. Esto reduce el desorden y mejora la eficacia general del flujo de trabajo.<\/p>\n<p data-start=\"1490\" data-end=\"1767\">Ya sea en el plat\u00f3, en un taller o sobre el terreno, la resistente estructura met\u00e1lica del tablero de clavijas garantiza un rendimiento duradero. Su dise\u00f1o modular lo convierte en un buen complemento para ayudantes de c\u00e1mara, DIT, mec\u00e1nicos y cualquiera que desee racionalizar la configuraci\u00f3n de su carro o escritorio.<\/p>\n<\/div>\n","protected":false},"excerpt":{"rendered":"<p>Presentamos el tablero de clavijas met\u00e1lico para el carro de c\u00e1mara Boulder &#8211; Negro.Este vers\u00e1til accesorio se monta directamente en dos ra\u00edles de velocidad de 40 mm mediante el Kit de soporte de montaje de expansi\u00f3n o en un escritorio [&hellip;]<\/p>\n","protected":false},"featured_media":2843789,"comment_status":"open","ping_status":"closed","template":"","meta":[],"product_cat":[4494,4225],"product_tag":[],"acf":[],"gallery_images":[2843782],"_links":{"self":[{"href":"https:\/\/eu.tilta.com\/es\/wp-json\/wp\/v2\/product\/3136803"}],"collection":[{"href":"https:\/\/eu.tilta.com\/es\/wp-json\/wp\/v2\/product"}],"about":[{"href":"https:\/\/eu.tilta.com\/es\/wp-json\/wp\/v2\/types\/product"}],"replies":[{"embeddable":true,"href":"https:\/\/eu.tilta.com\/es\/wp-json\/wp\/v2\/comments?post=3136803"}],"wp:featuredmedia":[{"embeddable":true,"href":"https:\/\/eu.tilta.com\/es\/wp-json\/wp\/v2\/media\/2843789"}],"wp:attachment":[{"href":"https:\/\/eu.tilta.com\/es\/wp-json\/wp\/v2\/media?parent=3136803"}],"wp:term":[{"taxonomy":"product_cat","embeddable":true,"href":"https:\/\/eu.tilta.com\/es\/wp-json\/wp\/v2\/product_cat?post=3136803"},{"taxonomy":"product_tag","embeddable":true,"href":"https:\/\/eu.tilta.com\/es\/wp-json\/wp\/v2\/product_tag?post=3136803"}],"curies":[{"name":"wp","href":"https:\/\/api.w.org\/{rel}","templated":true}]}}