{"id":3136807,"date":"2025-09-11T05:00:12","date_gmt":"2025-09-11T03:00:12","guid":{"rendered":"https:\/\/eu.tilta.com\/shop\/soporte-de-monitor-para-barra-de-montaje-de-carro-de-camara-boulder-negro\/"},"modified":"2026-04-15T04:02:54","modified_gmt":"2026-04-15T02:02:54","slug":"monitor-mount-for-boulder-camera-cart-mounting-bar-black","status":"publish","type":"product","link":"https:\/\/eu.tilta.com\/es\/shop\/monitor-mount-for-boulder-camera-cart-mounting-bar-black\/","title":{"rendered":"Soporte de monitor para barra de montaje de carro de c\u00e1mara Boulder &#8211; Negro"},"content":{"rendered":"<div class=\"overview-text\">\n<p data-start=\"427\" data-end=\"730\">Presentamos el Soporte de Monitor para la Barra de Montaje del Carro de C\u00e1maras Boulder<\/p>\n<p data-start=\"427\" data-end=\"730\">Este soporte est\u00e1 dise\u00f1ado para ajustarse a la mayor\u00eda de los monitores de ordenador o de producci\u00f3n est\u00e1ndar mediante una placa de liberaci\u00f3n r\u00e1pida de estilo v-lock. Una vez fijada esta placa, la propia montura puede deslizarse y bloquearse en la Barra de Montaje para Carro de C\u00e1mara Boulder.<\/p>\n<p data-start=\"732\" data-end=\"945\">La placa de liberaci\u00f3n r\u00e1pida es compatible con VESA y admite patrones de montaje de 100 x 100 mm y 75 x 75 mm para monitores que pesen hasta 55 libras, lo que la hace universalmente compatible con una amplia gama de pantallas profesionales.<\/p>\n<p data-start=\"947\" data-end=\"1183\">Con tensi\u00f3n ajustable, el soporte permite inclinar y girar ligeramente el monitor, al tiempo que ofrece una palanca de liberaci\u00f3n r\u00e1pida para girarlo 90 grados, perfecta para cambiar r\u00e1pidamente entre las orientaciones horizontal y vertical.<\/p>\n<\/div>\n","protected":false},"excerpt":{"rendered":"<p>Presentamos el Soporte de Monitor para la Barra de Montaje del Carro de C\u00e1maras Boulder Este soporte est\u00e1 dise\u00f1ado para ajustarse a la mayor\u00eda de los monitores de ordenador o de producci\u00f3n est\u00e1ndar mediante una placa de liberaci\u00f3n r\u00e1pida de [&hellip;]<\/p>\n","protected":false},"featured_media":2844044,"comment_status":"open","ping_status":"closed","template":"","meta":[],"product_cat":[4225],"product_tag":[],"acf":[],"gallery_images":[2844037],"_links":{"self":[{"href":"https:\/\/eu.tilta.com\/es\/wp-json\/wp\/v2\/product\/3136807"}],"collection":[{"href":"https:\/\/eu.tilta.com\/es\/wp-json\/wp\/v2\/product"}],"about":[{"href":"https:\/\/eu.tilta.com\/es\/wp-json\/wp\/v2\/types\/product"}],"replies":[{"embeddable":true,"href":"https:\/\/eu.tilta.com\/es\/wp-json\/wp\/v2\/comments?post=3136807"}],"wp:featuredmedia":[{"embeddable":true,"href":"https:\/\/eu.tilta.com\/es\/wp-json\/wp\/v2\/media\/2844044"}],"wp:attachment":[{"href":"https:\/\/eu.tilta.com\/es\/wp-json\/wp\/v2\/media?parent=3136807"}],"wp:term":[{"taxonomy":"product_cat","embeddable":true,"href":"https:\/\/eu.tilta.com\/es\/wp-json\/wp\/v2\/product_cat?post=3136807"},{"taxonomy":"product_tag","embeddable":true,"href":"https:\/\/eu.tilta.com\/es\/wp-json\/wp\/v2\/product_tag?post=3136807"}],"curies":[{"name":"wp","href":"https:\/\/api.w.org\/{rel}","templated":true}]}}