{"id":3136809,"date":"2025-09-11T04:51:22","date_gmt":"2025-09-11T02:51:22","guid":{"rendered":"https:\/\/eu.tilta.com\/shop\/correa-de-montaje-1-4-20-para-carro-de-camara-boulder\/"},"modified":"2026-04-15T04:03:05","modified_gmt":"2026-04-15T02:03:05","slug":"1-4-20-mounting-strap-for-boulder-camera-cart","status":"publish","type":"product","link":"https:\/\/eu.tilta.com\/es\/shop\/1-4-20-mounting-strap-for-boulder-camera-cart\/","title":{"rendered":"Correa de montaje 1\/4&#8243;-20 para carro de c\u00e1mara Boulder"},"content":{"rendered":"<div class=\"overview-text\">\n<p data-start=\"695\" data-end=\"768\">Presentamos la correa de montaje 1\/4&#8243;-20 para el carro de c\u00e1mara Boulder.<\/p>\n<p data-start=\"770\" data-end=\"1079\">Este accesorio compacto pero vers\u00e1til se acopla directamente a cualquier soporte roscado de 1\/4&#8243;-20 del carro, creando al instante un bucle seguro para enganchar o colgar el equipo. Tanto si necesitas sujetar cables, herramientas, bolsas peque\u00f1as u otros accesorios, la correa proporciona un punto de anclaje flexible exactamente donde lo necesitas.<\/p>\n<p data-start=\"1081\" data-end=\"1391\">La correa est\u00e1 hecha de material tejido duradero con costuras reforzadas para soportar un uso intensivo en el plat\u00f3. Su delgado dise\u00f1o hace que ocupe un espacio m\u00ednimo, lo que facilita a\u00f1adir varias correas alrededor del carro para obtener la m\u00e1xima utilidad.<\/p>\n<\/div>\n","protected":false},"excerpt":{"rendered":"<p>Presentamos la correa de montaje 1\/4&#8243;-20 para el carro de c\u00e1mara Boulder. Este accesorio compacto pero vers\u00e1til se acopla directamente a cualquier soporte roscado de 1\/4&#8243;-20 del carro, creando al instante un bucle seguro para enganchar o colgar el equipo. [&hellip;]<\/p>\n","protected":false},"featured_media":2843950,"comment_status":"open","ping_status":"closed","template":"","meta":[],"product_cat":[4494,4225],"product_tag":[],"acf":[],"gallery_images":[2843964],"_links":{"self":[{"href":"https:\/\/eu.tilta.com\/es\/wp-json\/wp\/v2\/product\/3136809"}],"collection":[{"href":"https:\/\/eu.tilta.com\/es\/wp-json\/wp\/v2\/product"}],"about":[{"href":"https:\/\/eu.tilta.com\/es\/wp-json\/wp\/v2\/types\/product"}],"replies":[{"embeddable":true,"href":"https:\/\/eu.tilta.com\/es\/wp-json\/wp\/v2\/comments?post=3136809"}],"wp:featuredmedia":[{"embeddable":true,"href":"https:\/\/eu.tilta.com\/es\/wp-json\/wp\/v2\/media\/2843950"}],"wp:attachment":[{"href":"https:\/\/eu.tilta.com\/es\/wp-json\/wp\/v2\/media?parent=3136809"}],"wp:term":[{"taxonomy":"product_cat","embeddable":true,"href":"https:\/\/eu.tilta.com\/es\/wp-json\/wp\/v2\/product_cat?post=3136809"},{"taxonomy":"product_tag","embeddable":true,"href":"https:\/\/eu.tilta.com\/es\/wp-json\/wp\/v2\/product_tag?post=3136809"}],"curies":[{"name":"wp","href":"https:\/\/api.w.org\/{rel}","templated":true}]}}