{"id":3137003,"date":"2025-08-18T04:41:57","date_gmt":"2025-08-18T02:41:57","guid":{"rendered":"https:\/\/eu.tilta.com\/shop\/jaula-de-camara-para-el-kit-sony-fx2-pro\/"},"modified":"2025-12-05T14:42:23","modified_gmt":"2025-12-05T13:42:23","slug":"camera-cage-for-sony-fx2-pro-kit","status":"publish","type":"product","link":"https:\/\/eu.tilta.com\/es\/shop\/camera-cage-for-sony-fx2-pro-kit\/","title":{"rendered":"Jaula de c\u00e1mara para el kit Sony FX2 Pro"},"content":{"rendered":"<p><em>Presentamos el kit completo de jaula de c\u00e1mara Pro para Sony FX2<\/em><\/p>\n<p>Esta jaula para c\u00e1mara admite varios accesorios mediante puntos de montaje como roscas de 1\/4&#8243;-20 y 3\/8\u2033-16 con varios puntos de ubicaci\u00f3n, un receptor de zapata fr\u00eda, un ra\u00edl NATO y puntos de montaje para un soporte de ca\u00f1a simple.<\/p>\n<p>La nueva placa inferior bidireccional ARCA es perfecta para pasar r\u00e1pidamente de un tr\u00edpode a un card\u00e1n DJI. Esta placa es ahora desmontable, lo que permite a los usuarios retirarla r\u00e1pidamente y montarla en el lateral de la jaula, para pasar f\u00e1cilmente a una configuraci\u00f3n vertical. Ten en cuenta que esta jaula utiliza el Est\u00e1ndar de DJI para ARCA. No se garantiza la compatibilidad con otras normas.<\/p>\n<p>La jaula incluye dos abrazaderas de cable para proporcionar mayor seguridad a los cables HDMI y USB-C, con la comodidad a\u00f1adida sin herramientas de los tornillos de mariposa. El ajuste perfecto de esta jaula preserva el acceso a todos los puertos y funciones, incluido el EVF de la c\u00e1mara, mientras que su dise\u00f1o modular garantiza que pueda admitir una serie de accesorios de 1\u00aa mano, como el asa superior XLR de Sony.<\/p>\n<p>En este Kit Pro se incluye la empu\u00f1adura superior ergon\u00f3mica Xeno, que se monta mediante ra\u00edl OTAN y ofrece un mejor manejo y funcionamiento gracias a su nuevo dise\u00f1o con mayor holgura. Esta empu\u00f1adura cuenta con diversos puntos de montaje, como roscas de 1\/4\u2033-20 y un receptor de zapata fr\u00eda, perfecto para montar un monitor externo.<\/p>\n<p>La placa base de 15 mm incluida permite a los usuarios utilizar las varillas de 15 mm incluidas para montar diversos accesorios. El dise\u00f1o de altura ajustable permite a los usuarios mantener la norma LWS de 85 mm entre sus varillas y el centro de su sensor, para garantizar la compatibilidad con una serie de accesorios diversos.<\/p>\n<p>La distancia desde el centro de las varillas al receptor Arca oscila entre 18 mm y 38 mm y es compatible con las placas Arca est\u00e1ndar de DJI. La parte inferior de la placa base es compatible con las colas de milano est\u00e1ndar Tilta y tambi\u00e9n dispone de roscas de 1\/4\u2033-20 para montarla en tr\u00edpodes y otros sistemas de soporte.<\/p>\n<p>Tambi\u00e9n se incluye la empu\u00f1adura de potencia avanzada, que se conecta a la jaula mediante el ra\u00edl NATO y alimenta los accesorios, adem\u00e1s de permitir el control de parada de carrera mediante el cable incluido. La rotaci\u00f3n ajustable y la correa de mano adicional proporcionan una comodidad y flexibilidad excepcionales al manejar la Sony FX2.<\/p>\n<p><strong>Ten en cuenta que estas manivelas necesitan una bater\u00eda Sony NP-F550 para funcionar, que no est\u00e1 incluida.  <\/strong><\/p>\n","protected":false},"excerpt":{"rendered":"<p>Presentamos el kit completo de jaula de c\u00e1mara Pro para Sony FX2 Esta jaula para c\u00e1mara admite varios accesorios mediante puntos de montaje como roscas de 1\/4&#8243;-20 y 3\/8\u2033-16 con varios puntos de ubicaci\u00f3n, un receptor de zapata fr\u00eda, un [&hellip;]<\/p>\n","protected":false},"featured_media":2705296,"comment_status":"open","ping_status":"closed","template":"","meta":[],"product_cat":[4319],"product_tag":[],"acf":[],"gallery_images":[2705310,2705329,2705342,2705286,2705323,2705304],"_links":{"self":[{"href":"https:\/\/eu.tilta.com\/es\/wp-json\/wp\/v2\/product\/3137003"}],"collection":[{"href":"https:\/\/eu.tilta.com\/es\/wp-json\/wp\/v2\/product"}],"about":[{"href":"https:\/\/eu.tilta.com\/es\/wp-json\/wp\/v2\/types\/product"}],"replies":[{"embeddable":true,"href":"https:\/\/eu.tilta.com\/es\/wp-json\/wp\/v2\/comments?post=3137003"}],"wp:featuredmedia":[{"embeddable":true,"href":"https:\/\/eu.tilta.com\/es\/wp-json\/wp\/v2\/media\/2705296"}],"wp:attachment":[{"href":"https:\/\/eu.tilta.com\/es\/wp-json\/wp\/v2\/media?parent=3137003"}],"wp:term":[{"taxonomy":"product_cat","embeddable":true,"href":"https:\/\/eu.tilta.com\/es\/wp-json\/wp\/v2\/product_cat?post=3137003"},{"taxonomy":"product_tag","embeddable":true,"href":"https:\/\/eu.tilta.com\/es\/wp-json\/wp\/v2\/product_tag?post=3137003"}],"curies":[{"name":"wp","href":"https:\/\/api.w.org\/{rel}","templated":true}]}}