{"id":3137015,"date":"2025-08-21T08:10:58","date_gmt":"2025-08-21T06:10:58","guid":{"rendered":"https:\/\/eu.tilta.com\/shop\/funda-de-transporte-para-auriculares-fe-x-pac-negro-gris\/"},"modified":"2026-04-15T04:03:08","modified_gmt":"2026-04-15T02:03:08","slug":"fe-x-pac-earbud-carrying-case-black-grey","status":"publish","type":"product","link":"https:\/\/eu.tilta.com\/es\/shop\/fe-x-pac-earbud-carrying-case-black-grey\/","title":{"rendered":"Funda de transporte para auriculares Fe X-Pac &#8211; Negro\/Gris"},"content":{"rendered":"<div class=\"overview-text\">\n<p><em>Presentamos la funda de transporte para auriculares Fe X-Pac<\/em><\/p>\n<p>Esta funda de transporte es una soluci\u00f3n compacta y vers\u00e1til para llevar a diario, dise\u00f1ada para quienes quieren tener siempre a mano sus objetos esenciales.<\/p>\n<p>Fabricada para sujetar con seguridad tus gafas de vista o de sol, esta funda ligera utiliza un duradero bot\u00f3n a presi\u00f3n de resina para un cierre audaz y t\u00e1ctil.<\/p>\n<p>Cada detalle de la Funda para auriculares Fe est\u00e1 cuidadosamente pensado. El Gancho en S el\u00e1stico es un mosquet\u00f3n vers\u00e1til de aleaci\u00f3n de aluminio para sujetarlo con seguridad a bolsas, cinturones o equipos.<\/p>\n<p>X-Pac\u00ae VX21 presenta una durabilidad extremadamente alta, mientras que la capa exterior de tafet\u00e1n de nailon es muy resistente a los ara\u00f1azos y la abrasi\u00f3n. Proporcionan una resistencia y durabilidad excepcionales con un peso muy ligero.<\/p>\n<p>La funda de transporte para auriculares Fe X-Pac es una forma estupenda de mantener tus objetos esenciales organizados, accesibles y protegidos.<\/p>\n<\/div>\n","protected":false},"excerpt":{"rendered":"<p>Presentamos la funda de transporte para auriculares Fe X-Pac Esta funda de transporte es una soluci\u00f3n compacta y vers\u00e1til para llevar a diario, dise\u00f1ada para quienes quieren tener siempre a mano sus objetos esenciales. Fabricada para sujetar con seguridad tus [&hellip;]<\/p>\n","protected":false},"featured_media":2717849,"comment_status":"open","ping_status":"closed","template":"","meta":[],"product_cat":[4493,2966,884],"product_tag":[],"acf":[],"gallery_images":[2717855,2717861,2717831,2717837,2717843],"_links":{"self":[{"href":"https:\/\/eu.tilta.com\/es\/wp-json\/wp\/v2\/product\/3137015"}],"collection":[{"href":"https:\/\/eu.tilta.com\/es\/wp-json\/wp\/v2\/product"}],"about":[{"href":"https:\/\/eu.tilta.com\/es\/wp-json\/wp\/v2\/types\/product"}],"replies":[{"embeddable":true,"href":"https:\/\/eu.tilta.com\/es\/wp-json\/wp\/v2\/comments?post=3137015"}],"wp:featuredmedia":[{"embeddable":true,"href":"https:\/\/eu.tilta.com\/es\/wp-json\/wp\/v2\/media\/2717849"}],"wp:attachment":[{"href":"https:\/\/eu.tilta.com\/es\/wp-json\/wp\/v2\/media?parent=3137015"}],"wp:term":[{"taxonomy":"product_cat","embeddable":true,"href":"https:\/\/eu.tilta.com\/es\/wp-json\/wp\/v2\/product_cat?post=3137015"},{"taxonomy":"product_tag","embeddable":true,"href":"https:\/\/eu.tilta.com\/es\/wp-json\/wp\/v2\/product_tag?post=3137015"}],"curies":[{"name":"wp","href":"https:\/\/api.w.org\/{rel}","templated":true}]}}