{"id":3137018,"date":"2025-08-20T05:09:04","date_gmt":"2025-08-20T03:09:04","guid":{"rendered":"https:\/\/eu.tilta.com\/shop\/estuche-para-gafas-fe-ecopak\/"},"modified":"2026-04-15T04:03:22","modified_gmt":"2026-04-15T02:03:22","slug":"fe-ecopak-glasses-carrying-case","status":"publish","type":"product","link":"https:\/\/eu.tilta.com\/es\/shop\/fe-ecopak-glasses-carrying-case\/","title":{"rendered":"Estuche para gafas Fe Ecopak"},"content":{"rendered":"<div class=\"overview-text\">\n<p><em>Presentamos la funda de transporte para gafas Fe Ecopak<\/em><\/p>\n<p>Esta funda de transporte es una soluci\u00f3n compacta y vers\u00e1til para llevar a diario, dise\u00f1ada para quienes quieren tener siempre a mano sus objetos esenciales.<\/p>\n<p>Fabricada para sujetar con seguridad tus gafas de sol o de vista, esta funda ligera incorpora una anilla triangular Duraflex para engancharla f\u00e1cilmente a cinturones, bolsas o trabillas.<\/p>\n<p>Esta funda de transporte tambi\u00e9n incorpora una elegante hebilla met\u00e1lica magn\u00e9tica para un acceso r\u00e1pido y seguro.<\/p>\n<p>Ecopak\u00ae EPX200 est\u00e1 fabricado con material reciclado y sostenible con el medio ambiente, dise\u00f1ado para ser reciclable, as\u00ed como con poliuretano con una fuerte resistencia a los rayos UV que no envejece f\u00e1cilmente ni se vuelve quebradizo<\/p>\n<p>La funda de transporte Ecopak de Fe es una forma estupenda de mantener tus objetos esenciales organizados, accesibles y protegidos.<\/p>\n<\/div>\n","protected":false},"excerpt":{"rendered":"<p>Presentamos la funda de transporte para gafas Fe Ecopak Esta funda de transporte es una soluci\u00f3n compacta y vers\u00e1til para llevar a diario, dise\u00f1ada para quienes quieren tener siempre a mano sus objetos esenciales. Fabricada para sujetar con seguridad tus [&hellip;]<\/p>\n","protected":false},"featured_media":2712973,"comment_status":"open","ping_status":"closed","template":"","meta":[],"product_cat":[4493,2966],"product_tag":[],"acf":[],"gallery_images":[2712981,2712993,2713018,2713012,2713006],"_links":{"self":[{"href":"https:\/\/eu.tilta.com\/es\/wp-json\/wp\/v2\/product\/3137018"}],"collection":[{"href":"https:\/\/eu.tilta.com\/es\/wp-json\/wp\/v2\/product"}],"about":[{"href":"https:\/\/eu.tilta.com\/es\/wp-json\/wp\/v2\/types\/product"}],"replies":[{"embeddable":true,"href":"https:\/\/eu.tilta.com\/es\/wp-json\/wp\/v2\/comments?post=3137018"}],"wp:featuredmedia":[{"embeddable":true,"href":"https:\/\/eu.tilta.com\/es\/wp-json\/wp\/v2\/media\/2712973"}],"wp:attachment":[{"href":"https:\/\/eu.tilta.com\/es\/wp-json\/wp\/v2\/media?parent=3137018"}],"wp:term":[{"taxonomy":"product_cat","embeddable":true,"href":"https:\/\/eu.tilta.com\/es\/wp-json\/wp\/v2\/product_cat?post=3137018"},{"taxonomy":"product_tag","embeddable":true,"href":"https:\/\/eu.tilta.com\/es\/wp-json\/wp\/v2\/product_tag?post=3137018"}],"curies":[{"name":"wp","href":"https:\/\/api.w.org\/{rel}","templated":true}]}}