{"id":3137031,"date":"2025-09-08T08:27:23","date_gmt":"2025-09-08T06:27:23","guid":{"rendered":"https:\/\/eu.tilta.com\/shop\/placa-de-montaje-horizontal-para-la-jaula-de-la-camara-insta360-x5-gris-titanio\/"},"modified":"2025-12-05T14:42:34","modified_gmt":"2025-12-05T13:42:34","slug":"horizontal-mounting-plate-for-insta360-x5-camera-cage-titanium-grey","status":"publish","type":"product","link":"https:\/\/eu.tilta.com\/es\/shop\/horizontal-mounting-plate-for-insta360-x5-camera-cage-titanium-grey\/","title":{"rendered":"Placa de montaje horizontal para la jaula de la c\u00e1mara Insta360 X5 &#8211; Gris titanio"},"content":{"rendered":"<p data-start=\"143\" data-end=\"223\">Presentamos la <strong data-start=\"159\" data-end=\"220\">Placa de Montaje Horizontal para la Jaula de la C\u00e1mara Insta360 X5<\/strong>.<\/p>\n<p data-start=\"225\" data-end=\"444\">Este accesorio permite a los usuarios montar su Insta360 X5 horizontalmente, ofreciendo una mayor estabilidad al bajar el centro de gravedad. Esta configuraci\u00f3n es especialmente beneficiosa para montajes din\u00e1micos, como las tomas de aparejos de coches.<\/p>\n<p data-start=\"446\" data-end=\"659\">La placa de montaje est\u00e1 dise\u00f1ada para una instalaci\u00f3n r\u00e1pida sin necesidad de herramientas: basta con atornillarla a mano a la jaula Insta360 X5. Nota: este accesorio debe utilizarse en combinaci\u00f3n con la Jaula Insta360 X5.<\/p>\n","protected":false},"excerpt":{"rendered":"<p>Presentamos la Placa de Montaje Horizontal para la Jaula de la C\u00e1mara Insta360 X5. Este accesorio permite a los usuarios montar su Insta360 X5 horizontalmente, ofreciendo una mayor estabilidad al bajar el centro de gravedad. Esta configuraci\u00f3n es especialmente beneficiosa [&hellip;]<\/p>\n","protected":false},"featured_media":2825932,"comment_status":"open","ping_status":"closed","template":"","meta":[],"product_cat":[4330],"product_tag":[],"acf":[],"gallery_images":[2825939,2825945,2825953,2825966,2825960],"_links":{"self":[{"href":"https:\/\/eu.tilta.com\/es\/wp-json\/wp\/v2\/product\/3137031"}],"collection":[{"href":"https:\/\/eu.tilta.com\/es\/wp-json\/wp\/v2\/product"}],"about":[{"href":"https:\/\/eu.tilta.com\/es\/wp-json\/wp\/v2\/types\/product"}],"replies":[{"embeddable":true,"href":"https:\/\/eu.tilta.com\/es\/wp-json\/wp\/v2\/comments?post=3137031"}],"wp:featuredmedia":[{"embeddable":true,"href":"https:\/\/eu.tilta.com\/es\/wp-json\/wp\/v2\/media\/2825932"}],"wp:attachment":[{"href":"https:\/\/eu.tilta.com\/es\/wp-json\/wp\/v2\/media?parent=3137031"}],"wp:term":[{"taxonomy":"product_cat","embeddable":true,"href":"https:\/\/eu.tilta.com\/es\/wp-json\/wp\/v2\/product_cat?post=3137031"},{"taxonomy":"product_tag","embeddable":true,"href":"https:\/\/eu.tilta.com\/es\/wp-json\/wp\/v2\/product_tag?post=3137031"}],"curies":[{"name":"wp","href":"https:\/\/api.w.org\/{rel}","templated":true}]}}