{"id":3137032,"date":"2025-11-03T10:45:48","date_gmt":"2025-11-03T09:45:48","guid":{"rendered":"https:\/\/eu.tilta.com\/shop\/soporte-de-extension-para-poste-de-apoyo-ajustable-hydra\/"},"modified":"2025-12-05T14:42:34","modified_gmt":"2025-12-05T13:42:34","slug":"extension-bracket-for-hydra-adjustable-support-post","status":"publish","type":"product","link":"https:\/\/eu.tilta.com\/es\/shop\/extension-bracket-for-hydra-adjustable-support-post\/","title":{"rendered":"Soporte de extensi\u00f3n para poste de apoyo ajustable Hydra"},"content":{"rendered":"<p data-start=\"203\" data-end=\"330\">El Soporte de Extensi\u00f3n para el Poste de Apoyo Ajustable Hydra a\u00f1ade un alcance extra y un posicionamiento flexible a tu equipo de a bordo.<\/p>\n<p data-start=\"332\" data-end=\"675\">Dise\u00f1ado para configuraciones multic\u00e1mara y de retransmisi\u00f3n en directo, este soporte permite a los usuarios ampliar la longitud del poste de soporte para que se adapte mejor a los diferentes interiores de los coches. La junta pivotante permite que el soporte ajuste el \u00e1ngulo de montaje, facilitando la alineaci\u00f3n de la ventosa en superficies irregulares, como parabrisas inclinados o techos solares.<\/p>\n<p data-start=\"677\" data-end=\"870\">M\u00faltiples roscas de \u00bc\u2033-20 con puntos de localizaci\u00f3n recorren el cuerpo del soporte, lo que te permite montar accesorios adicionales o combinar varios soportes para lograr una mayor extensi\u00f3n seg\u00fan sea necesario.<\/p>\n<p data-start=\"872\" data-end=\"1081\">Cuando se combina con el Poste de Soporte Ajustable Hydra, este soporte ampl\u00eda la flexibilidad de montaje y la capacidad de ajuste, creando un sistema de montaje de c\u00e1mara m\u00e1s adaptable y seguro para configuraciones complejas en el coche.<\/p>\n","protected":false},"excerpt":{"rendered":"<p>El Soporte de Extensi\u00f3n para el Poste de Apoyo Ajustable Hydra a\u00f1ade un alcance extra y un posicionamiento flexible a tu equipo de a bordo. Dise\u00f1ado para configuraciones multic\u00e1mara y de retransmisi\u00f3n en directo, este soporte permite a los usuarios [&hellip;]<\/p>\n","protected":false},"featured_media":3136654,"comment_status":"open","ping_status":"closed","template":"","meta":[],"product_cat":[4331],"product_tag":[],"acf":[],"gallery_images":[3136660,3136666],"_links":{"self":[{"href":"https:\/\/eu.tilta.com\/es\/wp-json\/wp\/v2\/product\/3137032"}],"collection":[{"href":"https:\/\/eu.tilta.com\/es\/wp-json\/wp\/v2\/product"}],"about":[{"href":"https:\/\/eu.tilta.com\/es\/wp-json\/wp\/v2\/types\/product"}],"replies":[{"embeddable":true,"href":"https:\/\/eu.tilta.com\/es\/wp-json\/wp\/v2\/comments?post=3137032"}],"wp:featuredmedia":[{"embeddable":true,"href":"https:\/\/eu.tilta.com\/es\/wp-json\/wp\/v2\/media\/3136654"}],"wp:attachment":[{"href":"https:\/\/eu.tilta.com\/es\/wp-json\/wp\/v2\/media?parent=3137032"}],"wp:term":[{"taxonomy":"product_cat","embeddable":true,"href":"https:\/\/eu.tilta.com\/es\/wp-json\/wp\/v2\/product_cat?post=3137032"},{"taxonomy":"product_tag","embeddable":true,"href":"https:\/\/eu.tilta.com\/es\/wp-json\/wp\/v2\/product_tag?post=3137032"}],"curies":[{"name":"wp","href":"https:\/\/api.w.org\/{rel}","templated":true}]}}