{"id":3137034,"date":"2025-09-11T04:19:53","date_gmt":"2025-09-11T02:19:53","guid":{"rendered":"https:\/\/eu.tilta.com\/shop\/adaptador-de-montaje-de-sobremesa-para-accesorios-de-carro-de-camara-boulder-40-mm-negro\/"},"modified":"2026-04-15T04:03:10","modified_gmt":"2026-04-15T02:03:10","slug":"desktop-mounting-adapter-for-boulder-camera-cart-accessories-40mm-black","status":"publish","type":"product","link":"https:\/\/eu.tilta.com\/es\/shop\/desktop-mounting-adapter-for-boulder-camera-cart-accessories-40mm-black\/","title":{"rendered":"Adaptador de montaje de sobremesa para accesorios de carro de c\u00e1mara Boulder (40 mm) &#8211; Negro"},"content":{"rendered":"<div class=\"overview-text\">\n<p data-start=\"821\" data-end=\"919\">Te presentamos el Adaptador de montaje de sobremesa para accesorios de carro de c\u00e1mara Boulder (40 mm) &#8211; Negro.<\/p>\n<p data-start=\"921\" data-end=\"1192\">Este adaptador lleva todo el ecosistema de accesorios Boulder a cualquier escritorio o superficie plana. Al sujetarse firmemente a los tableros, crea un punto de montaje estable de 40 mm que soporta el tablero de clavijas met\u00e1licas, el soporte de montaje para monitor, la barra de montaje y otros complementos de Boulder.<\/p>\n<p data-start=\"1194\" data-end=\"1457\">El dise\u00f1o de sujeci\u00f3n r\u00e1pida y sin herramientas garantiza una configuraci\u00f3n sin esfuerzo, facilitando la transici\u00f3n de los equipos basados en carros a las estaciones de trabajo de sobremesa. Una vez instalados, los usuarios pueden montar monitores, colgar herramientas o acoplar accesorios modulares sin sacrificar espacio ni estabilidad.<\/p>\n<p data-start=\"1698\" data-end=\"1857\">Al ampliar la versatilidad del sistema Boulder m\u00e1s all\u00e1 del carro, este adaptador transforma cualquier escritorio en una estaci\u00f3n de trabajo personalizable y de nivel profesional.<\/p>\n<p data-start=\"1698\" data-end=\"1857\">Nota: Este producto s\u00f3lo viene con UN adaptador de montaje de sobremesa<\/p>\n<\/div>\n","protected":false},"excerpt":{"rendered":"<p>Te presentamos el Adaptador de montaje de sobremesa para accesorios de carro de c\u00e1mara Boulder (40 mm) &#8211; Negro. Este adaptador lleva todo el ecosistema de accesorios Boulder a cualquier escritorio o superficie plana. Al sujetarse firmemente a los tableros, [&hellip;]<\/p>\n","protected":false},"featured_media":2843595,"comment_status":"open","ping_status":"closed","template":"","meta":[],"product_cat":[4494,4225],"product_tag":[],"acf":[],"gallery_images":[2843589],"_links":{"self":[{"href":"https:\/\/eu.tilta.com\/es\/wp-json\/wp\/v2\/product\/3137034"}],"collection":[{"href":"https:\/\/eu.tilta.com\/es\/wp-json\/wp\/v2\/product"}],"about":[{"href":"https:\/\/eu.tilta.com\/es\/wp-json\/wp\/v2\/types\/product"}],"replies":[{"embeddable":true,"href":"https:\/\/eu.tilta.com\/es\/wp-json\/wp\/v2\/comments?post=3137034"}],"wp:featuredmedia":[{"embeddable":true,"href":"https:\/\/eu.tilta.com\/es\/wp-json\/wp\/v2\/media\/2843595"}],"wp:attachment":[{"href":"https:\/\/eu.tilta.com\/es\/wp-json\/wp\/v2\/media?parent=3137034"}],"wp:term":[{"taxonomy":"product_cat","embeddable":true,"href":"https:\/\/eu.tilta.com\/es\/wp-json\/wp\/v2\/product_cat?post=3137034"},{"taxonomy":"product_tag","embeddable":true,"href":"https:\/\/eu.tilta.com\/es\/wp-json\/wp\/v2\/product_tag?post=3137034"}],"curies":[{"name":"wp","href":"https:\/\/api.w.org\/{rel}","templated":true}]}}