{"id":3137055,"date":"2025-11-03T11:31:55","date_gmt":"2025-11-03T10:31:55","guid":{"rendered":"https:\/\/eu.tilta.com\/shop\/poste-de-apoyo-ajustable-hydra\/"},"modified":"2025-12-05T14:43:18","modified_gmt":"2025-12-05T13:43:18","slug":"hydra-adjustable-support-post","status":"publish","type":"product","link":"https:\/\/eu.tilta.com\/es\/shop\/hydra-adjustable-support-post\/","title":{"rendered":"Poste de Apoyo Ajustable Hydra"},"content":{"rendered":"<p>Presentamos el Poste de Soporte Ajustable Hydra: la soluci\u00f3n de montaje definitiva para configuraciones profesionales multic\u00e1mara en veh\u00edculos.<\/p>\n<p>Dise\u00f1ado para retransmisiones en directo, revisiones de coches y producciones de reality shows, este poste de soporte permite a los cineastas montar varias c\u00e1maras en el interior de un veh\u00edculo para captar todos los \u00e1ngulos y reacciones. Tanto si quieres cubrir al conductor y a los pasajeros como si quieres crear una vista interior de 360\u00b0 para una narraci\u00f3n din\u00e1mica, el poste de apoyo ajustable Hydra ofrece una flexibilidad inigualable y una estabilidad fiable.<\/p>\n<p>Con un sistema integrado de paso de energ\u00eda de 100 W con una entrada USB-C y dos salidas USB-C, simplifica la distribuci\u00f3n de energ\u00eda y la gesti\u00f3n de cables. Las c\u00e1maras, monitores y accesorios pueden alimentarse directamente a trav\u00e9s del poste, minimizando el desorden y el tiempo de configuraci\u00f3n.<\/p>\n<p>Dise\u00f1ada para entornos profesionales, se integra perfectamente en el ecosistema Hydra y se combina a la perfecci\u00f3n con ventosas, la r\u00f3tula Arca u otros accesorios de montaje para configuraciones personalizadas multic\u00e1mara. Su tama\u00f1o compacto hace un uso eficiente del espacio interior sin afectar a la comodidad ni a la seguridad de los pasajeros.<\/p>\n<p>Disponible en versiones de 50 cm y 100 cm, el Poste de Apoyo Ajustable Hydra es la opci\u00f3n ideal para creadores de contenidos m\u00f3viles, equipos de producci\u00f3n y especialistas en plataformas m\u00f3viles que exigen flexibilidad, fiabilidad y un suministro de energ\u00eda limpio dentro del veh\u00edculo.<\/p>\n","protected":false},"excerpt":{"rendered":"<p>Presentamos el Poste de Soporte Ajustable Hydra: la soluci\u00f3n de montaje definitiva para configuraciones profesionales multic\u00e1mara en veh\u00edculos. Dise\u00f1ado para retransmisiones en directo, revisiones de coches y producciones de reality shows, este poste de soporte permite a los cineastas montar [&hellip;]<\/p>\n","protected":false},"featured_media":3136964,"comment_status":"open","ping_status":"closed","template":"","meta":[],"product_cat":[4331],"product_tag":[],"acf":[],"gallery_images":[3136837,3136958,3136843,3136994],"_links":{"self":[{"href":"https:\/\/eu.tilta.com\/es\/wp-json\/wp\/v2\/product\/3137055"}],"collection":[{"href":"https:\/\/eu.tilta.com\/es\/wp-json\/wp\/v2\/product"}],"about":[{"href":"https:\/\/eu.tilta.com\/es\/wp-json\/wp\/v2\/types\/product"}],"replies":[{"embeddable":true,"href":"https:\/\/eu.tilta.com\/es\/wp-json\/wp\/v2\/comments?post=3137055"}],"wp:featuredmedia":[{"embeddable":true,"href":"https:\/\/eu.tilta.com\/es\/wp-json\/wp\/v2\/media\/3136964"}],"wp:attachment":[{"href":"https:\/\/eu.tilta.com\/es\/wp-json\/wp\/v2\/media?parent=3137055"}],"wp:term":[{"taxonomy":"product_cat","embeddable":true,"href":"https:\/\/eu.tilta.com\/es\/wp-json\/wp\/v2\/product_cat?post=3137055"},{"taxonomy":"product_tag","embeddable":true,"href":"https:\/\/eu.tilta.com\/es\/wp-json\/wp\/v2\/product_tag?post=3137055"}],"curies":[{"name":"wp","href":"https:\/\/api.w.org\/{rel}","templated":true}]}}