{"id":3137065,"date":"2025-11-03T10:54:45","date_gmt":"2025-11-03T09:54:45","guid":{"rendered":"https:\/\/eu.tilta.com\/shop\/cabeza-esferica-arca-para-poste-de-apoyo-ajustable-hydra\/"},"modified":"2025-12-05T14:43:09","modified_gmt":"2025-12-05T13:43:09","slug":"arca-ball-head-for-hydra-adjustable-support-post","status":"publish","type":"product","link":"https:\/\/eu.tilta.com\/es\/shop\/arca-ball-head-for-hydra-adjustable-support-post\/","title":{"rendered":"Cabeza esf\u00e9rica ARCA para poste de apoyo ajustable Hydra"},"content":{"rendered":"<p data-start=\"209\" data-end=\"352\">La r\u00f3tula de bola ARCA para el poste de soporte ajustable Hydra proporciona un montaje r\u00e1pido de la c\u00e1mara y una nivelaci\u00f3n precisa para equipos profesionales en veh\u00edculos.<\/p>\n<p data-start=\"354\" data-end=\"660\">Una robusta abrazadera de poste se fija al poste de apoyo, mientras que el cabezal esf\u00e9rico se conecta a la abrazadera mediante una roseta, lo que permite a los usuarios ajustar con precisi\u00f3n y bloquear la inclinaci\u00f3n. El mecanismo de bola hace que la nivelaci\u00f3n sea r\u00e1pida en interiores estrechos, y el cierre r\u00e1pido ARCA permite un montaje\/desmontaje r\u00e1pido en rodajes con varias c\u00e1maras.<\/p>\n<p data-start=\"662\" data-end=\"1009\">Una rosca integrada de \u00bc\u2033-20 con punto de fijaci\u00f3n te permite a\u00f1adir un brazo articulado o accesorios para monitores, micr\u00f3fonos o equipos inal\u00e1mbricos. Para construcciones de c\u00e1maras m\u00e1s pesadas, recomendamos a\u00f1adir un segundo punto de contacto a la c\u00e1mara para una mayor estabilidad. No se garantiza la compatibilidad con ARCA de todas las placas de terceros; se incluye una placa ARCA.<\/p>\n","protected":false},"excerpt":{"rendered":"<p>La r\u00f3tula de bola ARCA para el poste de soporte ajustable Hydra proporciona un montaje r\u00e1pido de la c\u00e1mara y una nivelaci\u00f3n precisa para equipos profesionales en veh\u00edculos. Una robusta abrazadera de poste se fija al poste de apoyo, mientras [&hellip;]<\/p>\n","protected":false},"featured_media":3136710,"comment_status":"open","ping_status":"closed","template":"","meta":[],"product_cat":[4331],"product_tag":[],"acf":[],"gallery_images":[3136692,3136698,3136704,3136716,3136722],"_links":{"self":[{"href":"https:\/\/eu.tilta.com\/es\/wp-json\/wp\/v2\/product\/3137065"}],"collection":[{"href":"https:\/\/eu.tilta.com\/es\/wp-json\/wp\/v2\/product"}],"about":[{"href":"https:\/\/eu.tilta.com\/es\/wp-json\/wp\/v2\/types\/product"}],"replies":[{"embeddable":true,"href":"https:\/\/eu.tilta.com\/es\/wp-json\/wp\/v2\/comments?post=3137065"}],"wp:featuredmedia":[{"embeddable":true,"href":"https:\/\/eu.tilta.com\/es\/wp-json\/wp\/v2\/media\/3136710"}],"wp:attachment":[{"href":"https:\/\/eu.tilta.com\/es\/wp-json\/wp\/v2\/media?parent=3137065"}],"wp:term":[{"taxonomy":"product_cat","embeddable":true,"href":"https:\/\/eu.tilta.com\/es\/wp-json\/wp\/v2\/product_cat?post=3137065"},{"taxonomy":"product_tag","embeddable":true,"href":"https:\/\/eu.tilta.com\/es\/wp-json\/wp\/v2\/product_tag?post=3137065"}],"curies":[{"name":"wp","href":"https:\/\/api.w.org\/{rel}","templated":true}]}}