{"id":3137088,"date":"2025-08-21T05:54:42","date_gmt":"2025-08-21T03:54:42","guid":{"rendered":"https:\/\/eu.tilta.com\/shop\/funda-de-transporte-para-auriculares-fe-ecopak\/"},"modified":"2026-04-15T04:03:41","modified_gmt":"2026-04-15T02:03:41","slug":"fe-ecopak-earbud-carrying-case","status":"publish","type":"product","link":"https:\/\/eu.tilta.com\/es\/shop\/fe-ecopak-earbud-carrying-case\/","title":{"rendered":"Funda de transporte para auriculares Fe Ecopak"},"content":{"rendered":"<div class=\"overview-text\">\n<p><em>Presentamos la funda de transporte para auriculares Fe Ecopak<\/em><\/p>\n<p>Esta funda de transporte es una soluci\u00f3n compacta y vers\u00e1til para llevar a diario, dise\u00f1ada para quienes quieren tener siempre a mano sus objetos esenciales.<\/p>\n<p>Fabricada para sujetar con seguridad tus gafas de vista o de sol, esta funda ligera utiliza un duradero bot\u00f3n a presi\u00f3n de resina para un cierre audaz y t\u00e1ctil.<\/p>\n<p>Cada detalle de la Funda para auriculares Fe est\u00e1 cuidadosamente pensado. El Gancho en S el\u00e1stico es un mosquet\u00f3n vers\u00e1til de aleaci\u00f3n de aluminio para sujetarlo con seguridad a bolsas, cinturones o equipos.<\/p>\n<p>Ecopak\u00ae EPX200 est\u00e1 fabricado con material reciclado y sostenible con el medio ambiente, dise\u00f1ado para ser reciclable, as\u00ed como con poliuretano de gran resistencia a los rayos UV, que no envejece f\u00e1cilmente ni se vuelve quebradizo.<\/p>\n<p>La funda de transporte para auriculares Fe Ecopak es una forma estupenda de mantener tus objetos esenciales organizados, accesibles y protegidos.<\/p>\n<\/div>\n","protected":false},"excerpt":{"rendered":"<p>Presentamos la funda de transporte para auriculares Fe Ecopak Esta funda de transporte es una soluci\u00f3n compacta y vers\u00e1til para llevar a diario, dise\u00f1ada para quienes quieren tener siempre a mano sus objetos esenciales. Fabricada para sujetar con seguridad tus [&hellip;]<\/p>\n","protected":false},"featured_media":2717579,"comment_status":"open","ping_status":"closed","template":"","meta":[],"product_cat":[4493,2966],"product_tag":[],"acf":[],"gallery_images":[2717581,2717587],"_links":{"self":[{"href":"https:\/\/eu.tilta.com\/es\/wp-json\/wp\/v2\/product\/3137088"}],"collection":[{"href":"https:\/\/eu.tilta.com\/es\/wp-json\/wp\/v2\/product"}],"about":[{"href":"https:\/\/eu.tilta.com\/es\/wp-json\/wp\/v2\/types\/product"}],"replies":[{"embeddable":true,"href":"https:\/\/eu.tilta.com\/es\/wp-json\/wp\/v2\/comments?post=3137088"}],"wp:featuredmedia":[{"embeddable":true,"href":"https:\/\/eu.tilta.com\/es\/wp-json\/wp\/v2\/media\/2717579"}],"wp:attachment":[{"href":"https:\/\/eu.tilta.com\/es\/wp-json\/wp\/v2\/media?parent=3137088"}],"wp:term":[{"taxonomy":"product_cat","embeddable":true,"href":"https:\/\/eu.tilta.com\/es\/wp-json\/wp\/v2\/product_cat?post=3137088"},{"taxonomy":"product_tag","embeddable":true,"href":"https:\/\/eu.tilta.com\/es\/wp-json\/wp\/v2\/product_tag?post=3137088"}],"curies":[{"name":"wp","href":"https:\/\/api.w.org\/{rel}","templated":true}]}}