{"id":3137808,"date":"2025-11-12T07:18:21","date_gmt":"2025-11-12T06:18:21","guid":{"rendered":"https:\/\/eu.tilta.com\/shop\/extension-de-asa-superior-tilta-v2-negro\/"},"modified":"2025-12-05T14:44:04","modified_gmt":"2025-12-05T13:44:04","slug":"tilta-top-handle-extension-v2-black","status":"publish","type":"product","link":"https:\/\/eu.tilta.com\/es\/shop\/tilta-top-handle-extension-v2-black\/","title":{"rendered":"Extensi\u00f3n de asa superior Tilta V2 &#8211; Negro"},"content":{"rendered":"<p><strong>Presentamos la Extensi\u00f3n del Asa Superior V2  <\/strong><\/p>\n<p>Este accesorio de extensi\u00f3n es compatible con la empu\u00f1adura superior Fujifilm GFX ETERNA, as\u00ed como con cualquier otra empu\u00f1adura superior que disponga de una rosca de 3\/8\u2033-16 con puntos de fijaci\u00f3n.<\/p>\n<p>Esto permite a los usuarios extender su Asa Superior, lo que ofrece puntos de montaje adicionales y una mayor flexibilidad en el manejo.<\/p>\n<p>Esta Extensi\u00f3n incluye una secci\u00f3n extra\u00edble que permite a los usuarios ajustar la longitud del mango si es necesario para acomodar bater\u00edas m\u00e1s grandes o m\u00e1s peque\u00f1as.<\/p>\n<p>El dise\u00f1o curvado de esta extensi\u00f3n de empu\u00f1adura es una gran opci\u00f3n para ampliar las formas en que puedes manejar la c\u00e1mara, sobre todo en \u00e1ngulos bajos.<\/p>\n","protected":false},"excerpt":{"rendered":"<p>Presentamos la Extensi\u00f3n del Asa Superior V2 Este accesorio de extensi\u00f3n es compatible con la empu\u00f1adura superior Fujifilm GFX ETERNA, as\u00ed como con cualquier otra empu\u00f1adura superior que disponga de una rosca de 3\/8\u2033-16 con puntos de fijaci\u00f3n. Esto permite [&hellip;]<\/p>\n","protected":false},"featured_media":3137664,"comment_status":"open","ping_status":"closed","template":"","meta":[],"product_cat":[4368],"product_tag":[],"acf":[],"gallery_images":[3137658],"_links":{"self":[{"href":"https:\/\/eu.tilta.com\/es\/wp-json\/wp\/v2\/product\/3137808"}],"collection":[{"href":"https:\/\/eu.tilta.com\/es\/wp-json\/wp\/v2\/product"}],"about":[{"href":"https:\/\/eu.tilta.com\/es\/wp-json\/wp\/v2\/types\/product"}],"replies":[{"embeddable":true,"href":"https:\/\/eu.tilta.com\/es\/wp-json\/wp\/v2\/comments?post=3137808"}],"wp:featuredmedia":[{"embeddable":true,"href":"https:\/\/eu.tilta.com\/es\/wp-json\/wp\/v2\/media\/3137664"}],"wp:attachment":[{"href":"https:\/\/eu.tilta.com\/es\/wp-json\/wp\/v2\/media?parent=3137808"}],"wp:term":[{"taxonomy":"product_cat","embeddable":true,"href":"https:\/\/eu.tilta.com\/es\/wp-json\/wp\/v2\/product_cat?post=3137808"},{"taxonomy":"product_tag","embeddable":true,"href":"https:\/\/eu.tilta.com\/es\/wp-json\/wp\/v2\/product_tag?post=3137808"}],"curies":[{"name":"wp","href":"https:\/\/api.w.org\/{rel}","templated":true}]}}