{"id":3139214,"date":"2025-11-06T10:53:36","date_gmt":"2025-11-06T09:53:36","guid":{"rendered":"https:\/\/eu.tilta.com\/shop\/bandeja-de-filtro-magnetica-de-liberacion-rapida-khronos-para-iphone-17-pro-pro-max\/"},"modified":"2026-03-30T05:49:57","modified_gmt":"2026-03-30T03:49:57","slug":"khronos-quick-release-magnetic-filter-tray-for-iphone-17-pro-pro-max","status":"publish","type":"product","link":"https:\/\/eu.tilta.com\/es\/shop\/khronos-quick-release-magnetic-filter-tray-for-iphone-17-pro-pro-max\/","title":{"rendered":"Bandeja de filtro magn\u00e9tica de liberaci\u00f3n r\u00e1pida Khronos para iPhone 17 Pro\/Pro Max"},"content":{"rendered":"<p><em>Presentamos la bandeja para filtro de liberaci\u00f3n r\u00e1pida Khronos para iPhone 17 Pro\/Pro Max<\/em><\/p>\n<p>Este Soporte para Bandeja de Filtros permite a los usuarios montar filtros como el Filtro FSND Magn\u00e9tico Khronos, el <a href=\"https:\/\/eu.tilta.com\/shop\/khronos-magnetic-white-mist-filter-for-iphone\/\">Filtro de Niebla Blanca<\/a> y el <a href=\"https:\/\/eu.tilta.com\/shop\/khronos-magnetic-black-mist-filter-for-iphone\/\">Filtro de Niebla<\/a> Negra en su Funda Khronos para iPhone 17 Pro\/Pro Max, as\u00ed como en la Funda Khronos Lite para iPhone 17 Pro\/Pro Max.<\/p>\n<p>La bandeja se desliza y se bloquea en la ranura de la propia carcasa, y adem\u00e1s se sujeta mediante una hebilla de seguridad que se engancha en su sitio e impide que la bandeja se deslice hacia fuera.<\/p>\n<p>Para extraerla, los usuarios pueden presionar esta hebilla para soltar el pestillo y deslizar la bandeja hacia fuera.<\/p>\n","protected":false},"excerpt":{"rendered":"<p>Presentamos la bandeja para filtro de liberaci\u00f3n r\u00e1pida Khronos para iPhone 17 Pro\/Pro Max Este Soporte para Bandeja de Filtros permite a los usuarios montar filtros como el Filtro FSND Magn\u00e9tico Khronos, el Filtro de Niebla Blanca y el Filtro [&hellip;]<\/p>\n","protected":false},"featured_media":3137470,"comment_status":"open","ping_status":"closed","template":"","meta":[],"product_cat":[4496,865],"product_tag":[],"acf":[],"gallery_images":[3137460],"_links":{"self":[{"href":"https:\/\/eu.tilta.com\/es\/wp-json\/wp\/v2\/product\/3139214"}],"collection":[{"href":"https:\/\/eu.tilta.com\/es\/wp-json\/wp\/v2\/product"}],"about":[{"href":"https:\/\/eu.tilta.com\/es\/wp-json\/wp\/v2\/types\/product"}],"replies":[{"embeddable":true,"href":"https:\/\/eu.tilta.com\/es\/wp-json\/wp\/v2\/comments?post=3139214"}],"wp:featuredmedia":[{"embeddable":true,"href":"https:\/\/eu.tilta.com\/es\/wp-json\/wp\/v2\/media\/3137470"}],"wp:attachment":[{"href":"https:\/\/eu.tilta.com\/es\/wp-json\/wp\/v2\/media?parent=3139214"}],"wp:term":[{"taxonomy":"product_cat","embeddable":true,"href":"https:\/\/eu.tilta.com\/es\/wp-json\/wp\/v2\/product_cat?post=3139214"},{"taxonomy":"product_tag","embeddable":true,"href":"https:\/\/eu.tilta.com\/es\/wp-json\/wp\/v2\/product_tag?post=3139214"}],"curies":[{"name":"wp","href":"https:\/\/api.w.org\/{rel}","templated":true}]}}