{"id":3139239,"date":"2025-11-05T10:57:38","date_gmt":"2025-11-05T09:57:38","guid":{"rendered":"https:\/\/eu.tilta.com\/shop\/kit-de-creacion-khronos-lite-iphone-17-pro-pro-max\/"},"modified":"2025-12-08T20:18:02","modified_gmt":"2025-12-08T19:18:02","slug":"khronos-lite-iphone-17-pro-pro-max-creator-kit","status":"publish","type":"product","link":"https:\/\/eu.tilta.com\/es\/shop\/khronos-lite-iphone-17-pro-pro-max-creator-kit\/","title":{"rendered":"Kit de creaci\u00f3n Khronos Lite iPhone 17 Pro\/Pro Max"},"content":{"rendered":"<div class=\"overview-text\">\n<p data-start=\"198\" data-end=\"250\">Presentamos el Kit Creador Khronos Lite iPhone 17 Pro\/Pro Max<\/p>\n<p data-start=\"198\" data-end=\"250\">Rendimiento profesional, ahora m\u00e1s ligero que nunca.<\/p>\n<p data-start=\"252\" data-end=\"346\">Experimenta un equilibrio perfecto entre facilidad de uso diario y capacidad de filmaci\u00f3n profesional.<\/p>\n<p data-start=\"348\" data-end=\"534\">La Funda Khronos Lite cuenta con un pie de apoyo integrado que admite orientaciones horizontal y vertical, ideal para videollamadas manos libres, streaming o sesiones de estudio.<\/p>\n<p data-start=\"536\" data-end=\"738\">Su placa trasera magn\u00e9tica se conecta sin problemas a una gran variedad de accesorios magn\u00e9ticos, como tarjeteros, luces LED, SSD, bancos de energ\u00eda o ventiladores de refrigeraci\u00f3n, ampliando tu configuraci\u00f3n sin a\u00f1adir volumen.<\/p>\n<p data-start=\"740\" data-end=\"1027\">El ligero asa Bluetooth incluida se monta directamente en la funda a trav\u00e9s de los puntos de montaje del soporte, manteniendo tu puerto USB-C completamente libre. A trav\u00e9s de la conexi\u00f3n Bluetooth, puedes controlar intuitivamente el enfoque, el zoom, el obturador y la grabaci\u00f3n sin tocar la pantalla.<\/p>\n<p data-start=\"1029\" data-end=\"1261\">Este kit tambi\u00e9n incluye un Filtro ND Variable de 58 mm (1-5 pasos) y un Polarizador de 58 mm con efecto Niebla Negra 1\/2 incorporado, que te proporcionan un control cinematogr\u00e1fico sobre la exposici\u00f3n, los reflejos y la textura de la imagen en cualquier condici\u00f3n de disparo.<\/p>\n<p data-start=\"1263\" data-end=\"1475\">Perfecto para los creadores que quieren mantener su iPhone con carcasa lo m\u00e1s ligero y pr\u00e1ctico posible, y a la vez tener la libertad de transformarlo instant\u00e1neamente en una aut\u00e9ntica configuraci\u00f3n de c\u00e1mara profesional siempre que les llegue la inspiraci\u00f3n.<\/p>\n<\/div>\n","protected":false},"excerpt":{"rendered":"<p>Presentamos el Kit Creador Khronos Lite iPhone 17 Pro\/Pro Max Rendimiento profesional, ahora m\u00e1s ligero que nunca. Experimenta un equilibrio perfecto entre facilidad de uso diario y capacidad de filmaci\u00f3n profesional. La Funda Khronos Lite cuenta con un pie de [&hellip;]<\/p>\n","protected":false},"featured_media":3137364,"comment_status":"open","ping_status":"closed","template":"","meta":[],"product_cat":[],"product_tag":[],"acf":[],"gallery_images":[3137370,3137376,3137382],"_links":{"self":[{"href":"https:\/\/eu.tilta.com\/es\/wp-json\/wp\/v2\/product\/3139239"}],"collection":[{"href":"https:\/\/eu.tilta.com\/es\/wp-json\/wp\/v2\/product"}],"about":[{"href":"https:\/\/eu.tilta.com\/es\/wp-json\/wp\/v2\/types\/product"}],"replies":[{"embeddable":true,"href":"https:\/\/eu.tilta.com\/es\/wp-json\/wp\/v2\/comments?post=3139239"}],"wp:featuredmedia":[{"embeddable":true,"href":"https:\/\/eu.tilta.com\/es\/wp-json\/wp\/v2\/media\/3137364"}],"wp:attachment":[{"href":"https:\/\/eu.tilta.com\/es\/wp-json\/wp\/v2\/media?parent=3139239"}],"wp:term":[{"taxonomy":"product_cat","embeddable":true,"href":"https:\/\/eu.tilta.com\/es\/wp-json\/wp\/v2\/product_cat?post=3139239"},{"taxonomy":"product_tag","embeddable":true,"href":"https:\/\/eu.tilta.com\/es\/wp-json\/wp\/v2\/product_tag?post=3139239"}],"curies":[{"name":"wp","href":"https:\/\/api.w.org\/{rel}","templated":true}]}}